{"id":106,"date":"2023-10-02T11:32:50","date_gmt":"2023-10-02T11:32:50","guid":{"rendered":"http:\/\/kuna-sdg.de\/?page_id=106"},"modified":"2024-07-31T13:18:36","modified_gmt":"2024-07-31T13:18:36","slug":"unsere_arbeit","status":"publish","type":"page","link":"https:\/\/kuna-sdg.de\/?page_id=106","title":{"rendered":"Projekte"},"content":{"rendered":"\n<p>F\u00fcr unsere Arbeit spielt die F\u00f6rderung von nachhaltigen Praktiken in allen Lebensbereichen und insbesondere in der Kunst- und Kreativbranche eine entscheidende Rolle . Diese Sph\u00e4re vereint die Kr\u00e4fte von Kultur, Umwelt und sozialer Verantwortung, um eine lebenswerte Zukunft f\u00fcr kommende Generationen zu gestalten.&nbsp;<\/p>\n\n\n\n<p>Zu den grundlegenden Aufgaben unseres Vereins geh\u00f6rt die F\u00f6rderung von Umweltbewusstsein und nachhaltigem Handeln, Sichtbarmachen der gesellschaftlichen Diversit\u00e4t und Verfestigung der demokratischen Grundordnung. Dies wird durch Projekte, Bildungsprogramme, Workshops und Veranstaltungen erreicht,&nbsp; die die \u00d6ffentlichkeit \u00fcber die Auswirkungen ihres Handelns auf die Umwelt aufkl\u00e4ren und sie dazu ermutigen, umweltfreundliche Entscheidungen zu treffen.<\/p>\n\n\n\n<p>Die F\u00f6rderung des friedlichen Zusammenlebens in der multikulturellen Gesellschaft und die Wertsch\u00e4tzung der kulturellen Werte und Traditionen sind weitere wichtige Aspekte unserer Arbeit. Dies umfasst die Unterst\u00fctzung von kulturellen Veranstaltungen, Museen und historischen St\u00e4tten, um sicherzustellen, dass die kulturelle Identit\u00e4t einer Gemeinschaft bewahrt und gef\u00f6rdert wird. Gleichzeitig wird&nbsp; jedoch auch Raum f\u00fcr die Weiterentwicklung und Anpassung von kulturellen Praktiken an die Anforderungen der heutigen Zeit geschaffen.<\/p>\n\n\n\n<p>Eine der herausragenden Aufgaben unseres Vereins besteht darin, die Schnittstelle zwischen Kultur und Umwelt zu erforschen und innovative Ans\u00e4tze f\u00fcr nachhaltige L\u00f6sungen zu entwickeln. Dies gelingt uns durch Partnerschaften mit anderen Organisationen und Akteuren der Kulturarbeit, die kreative und integrative Ans\u00e4tze verfolgen, um die Herausforderungen unserer Zeit zu bew\u00e4ltigen.<\/p>\n","protected":false},"excerpt":{"rendered":"<p>F\u00fcr unsere Arbeit spielt die F\u00f6rderung von nachhaltigen Praktiken in allen Lebensbereichen und insbesondere in der Kunst- und Kreativbranche eine entscheidende Rolle . Diese Sph\u00e4re vereint die Kr\u00e4fte von Kultur, Umwelt und sozialer Verantwortung, um eine lebenswerte Zukunft f\u00fcr kommende Generationen zu gestalten.&nbsp; Zu den grundlegenden Aufgaben unseres Vereins geh\u00f6rt die F\u00f6rderung von Umweltbewusstsein und [&hellip;]<\/p>\n","protected":false},"author":1,"featured_media":0,"parent":32,"menu_order":0,"comment_status":"closed","ping_status":"closed","template":"page-templates\/full-width.php","meta":{"footnotes":"","_links_to":"","_links_to_target":""},"class_list":["post-106","page","type-page","status-publish","hentry"],"blocksy_meta":[],"_links":{"self":[{"href":"https:\/\/kuna-sdg.de\/index.php?rest_route=\/wp\/v2\/pages\/106","targetHints":{"allow":["GET"]}}],"collection":[{"href":"https:\/\/kuna-sdg.de\/index.php?rest_route=\/wp\/v2\/pages"}],"about":[{"href":"https:\/\/kuna-sdg.de\/index.php?rest_route=\/wp\/v2\/types\/page"}],"author":[{"embeddable":true,"href":"https:\/\/kuna-sdg.de\/index.php?rest_route=\/wp\/v2\/users\/1"}],"replies":[{"embeddable":true,"href":"https:\/\/kuna-sdg.de\/index.php?rest_route=%2Fwp%2Fv2%2Fcomments&post=106"}],"version-history":[{"count":7,"href":"https:\/\/kuna-sdg.de\/index.php?rest_route=\/wp\/v2\/pages\/106\/revisions"}],"predecessor-version":[{"id":1307,"href":"https:\/\/kuna-sdg.de\/index.php?rest_route=\/wp\/v2\/pages\/106\/revisions\/1307"}],"up":[{"embeddable":true,"href":"https:\/\/kuna-sdg.de\/index.php?rest_route=\/wp\/v2\/pages\/32"}],"wp:attachment":[{"href":"https:\/\/kuna-sdg.de\/index.php?rest_route=%2Fwp%2Fv2%2Fmedia&parent=106"}],"curies":[{"name":"wp","href":"https:\/\/api.w.org\/{rel}","templated":true}]}}