{"id":1122,"date":"2024-01-30T10:23:02","date_gmt":"2024-01-30T10:23:02","guid":{"rendered":"https:\/\/kuna-sdg.de\/?page_id=1122"},"modified":"2024-01-30T10:29:42","modified_gmt":"2024-01-30T10:29:42","slug":"ruraltoolkit","status":"publish","type":"page","link":"https:\/\/kuna-sdg.de\/?page_id=1122","title":{"rendered":"#Ruraltoolkit"},"content":{"rendered":"\n<div class=\"wp-block-media-text is-stacked-on-mobile is-vertically-aligned-center\" style=\"grid-template-columns:57% auto\"><figure class=\"wp-block-media-text__media\"><img loading=\"lazy\" decoding=\"async\" width=\"1024\" height=\"588\" src=\"https:\/\/kuna-sdg.de\/wp-content\/uploads\/2024\/01\/Rural-toolkit-launch-1024x588.jpg\" alt=\"\" class=\"wp-image-1123 size-full\" srcset=\"https:\/\/kuna-sdg.de\/wp-content\/uploads\/2024\/01\/Rural-toolkit-launch-1024x588.jpg 1024w, https:\/\/kuna-sdg.de\/wp-content\/uploads\/2024\/01\/Rural-toolkit-launch-300x172.jpg 300w, https:\/\/kuna-sdg.de\/wp-content\/uploads\/2024\/01\/Rural-toolkit-launch-768x441.jpg 768w, https:\/\/kuna-sdg.de\/wp-content\/uploads\/2024\/01\/Rural-toolkit-launch-1536x883.jpg 1536w, https:\/\/kuna-sdg.de\/wp-content\/uploads\/2024\/01\/Rural-toolkit-launch-2048x1177.jpg 2048w\" sizes=\"auto, (max-width: 1024px) 100vw, 1024px\" \/><\/figure><div class=\"wp-block-media-text__content\">\n<h5 class=\"wp-block-heading\"><strong>06.02.2024\u00a0 10:30 &#8211; 12:00 Uhr<\/strong><\/h5>\n\n\n\n<h5 class=\"wp-block-heading\">Zahlreiche EU-Finanzierungs- und Unterst\u00fctzungsinitiativen stehen f\u00fcr l\u00e4ndliche Gemeinden zur Verf\u00fcgung, um ihre Gebiete zu entwickeln. Das #Ruraltoolkit ist der neue Online-Leitfaden, mit dem Sie die am besten geeigneten Programme entdecken und in vollem Umfang nutzen k\u00f6nnen! <\/h5>\n\n\n\n<p class=\"has-text-align-left\"><strong>Registrieren Sie sich f\u00fcr die Online-Einf\u00fchrung<\/strong>:\u00a0<a href=\"https:\/\/joint-research-centre.ec.europa.eu\/events\/rural-toolkit-launch-event-2024-02-06_en\" target=\"_blank\" rel=\"noreferrer noopener\">https:\/\/joint-research-centre.ec.europa.eu\/events\/rural-toolkit-launch-event-2024-02-06_en<\/a><\/p>\n<\/div><\/div>\n","protected":false},"excerpt":{"rendered":"<p>06.02.2024\u00a0 10:30 &#8211; 12:00 Uhr Zahlreiche EU-Finanzierungs- und Unterst\u00fctzungsinitiativen stehen f\u00fcr l\u00e4ndliche Gemeinden zur Verf\u00fcgung, um ihre Gebiete zu entwickeln. Das #Ruraltoolkit ist der neue Online-Leitfaden, mit dem Sie die am besten geeigneten Programme entdecken und in vollem Umfang nutzen k\u00f6nnen! Registrieren Sie sich f\u00fcr die Online-Einf\u00fchrung:\u00a0https:\/\/joint-research-centre.ec.europa.eu\/events\/rural-toolkit-launch-event-2024-02-06_en<\/p>\n","protected":false},"author":1,"featured_media":0,"parent":0,"menu_order":0,"comment_status":"closed","ping_status":"closed","template":"page-templates\/full-width.php","meta":{"footnotes":"","_links_to":"","_links_to_target":""},"class_list":["post-1122","page","type-page","status-publish","hentry"],"blocksy_meta":[],"_links":{"self":[{"href":"https:\/\/kuna-sdg.de\/index.php?rest_route=\/wp\/v2\/pages\/1122","targetHints":{"allow":["GET"]}}],"collection":[{"href":"https:\/\/kuna-sdg.de\/index.php?rest_route=\/wp\/v2\/pages"}],"about":[{"href":"https:\/\/kuna-sdg.de\/index.php?rest_route=\/wp\/v2\/types\/page"}],"author":[{"embeddable":true,"href":"https:\/\/kuna-sdg.de\/index.php?rest_route=\/wp\/v2\/users\/1"}],"replies":[{"embeddable":true,"href":"https:\/\/kuna-sdg.de\/index.php?rest_route=%2Fwp%2Fv2%2Fcomments&post=1122"}],"version-history":[{"count":9,"href":"https:\/\/kuna-sdg.de\/index.php?rest_route=\/wp\/v2\/pages\/1122\/revisions"}],"predecessor-version":[{"id":1134,"href":"https:\/\/kuna-sdg.de\/index.php?rest_route=\/wp\/v2\/pages\/1122\/revisions\/1134"}],"wp:attachment":[{"href":"https:\/\/kuna-sdg.de\/index.php?rest_route=%2Fwp%2Fv2%2Fmedia&parent=1122"}],"curies":[{"name":"wp","href":"https:\/\/api.w.org\/{rel}","templated":true}]}}