{"id":1241,"date":"2024-03-14T12:18:23","date_gmt":"2024-03-14T12:18:23","guid":{"rendered":"https:\/\/kuna-sdg.de\/?page_id=1241"},"modified":"2025-10-24T10:34:06","modified_gmt":"2025-10-24T10:34:06","slug":"mia-migrantinnen-stark-machen-im-alltag","status":"publish","type":"page","link":"https:\/\/kuna-sdg.de\/?page_id=1241","title":{"rendered":"MiA \u2013 Migrantinnen stark machen im Alltag"},"content":{"rendered":"\n<p><\/p>\n\n\n\n<div class=\"wp-block-media-text is-stacked-on-mobile\" style=\"grid-template-columns:32% auto\"><figure class=\"wp-block-media-text__media\"><img loading=\"lazy\" decoding=\"async\" width=\"1024\" height=\"1024\" src=\"https:\/\/kuna-sdg.de\/wp-content\/uploads\/2025\/10\/MiA-LOGO.png\" alt=\"\" class=\"wp-image-2116 size-full\" srcset=\"https:\/\/kuna-sdg.de\/wp-content\/uploads\/2025\/10\/MiA-LOGO.png 1024w, https:\/\/kuna-sdg.de\/wp-content\/uploads\/2025\/10\/MiA-LOGO-300x300.png 300w, https:\/\/kuna-sdg.de\/wp-content\/uploads\/2025\/10\/MiA-LOGO-150x150.png 150w, https:\/\/kuna-sdg.de\/wp-content\/uploads\/2025\/10\/MiA-LOGO-768x768.png 768w\" sizes=\"auto, (max-width: 1024px) 100vw, 1024px\" \/><\/figure><div class=\"wp-block-media-text__content\">\n<p>MiA-Kurse begleiten Migrantinnen dabei, in Deutschland an- sowie weiterzukommen. Die Frauen werden nicht nur an das gesellschaftliche Leben in ihren Wohnorten herangef\u00fchrt, sondern auch darin best\u00e4rkt, wichtige Informationen f\u00fcr ihren Alltag zu verstehen und entsprechend zu handeln. Die Kurse sind im Hinblick auf die Lerninhalte flexibel und individuell an die Bed\u00fcrfnisse der Teilnehmerinnen anpassbar.\u00a0<\/p>\n<\/div><\/div>\n\n\n\n<p>Unser Angebot richtet sich zun\u00e4chst an die Migrantinnen aus dem Kreis Siegen-Wittgenstein. Der Kreis Siegen-Wittgenstein ist ein l\u00e4ndlich gepr\u00e4gter Kreis mit einem starken Zentrum in Siegen. Die etwas weit entlegenen Gemeinden, wie Burbach oder Bad Berleburg sind schwierig mit \u00f6ffentlichen Verkehrsmitteln erreichbar. Das f\u00fchrt dazu, dass Migrantinnen oft mit dem Problem der Verkehrsanbindung allein gelassen werden und die Regelangebote der Integrationsagenturen nicht immer wahrnehmen k\u00f6nnen. Das letzte Integrationsprofil des Kreises Siegen-Wittgenstein erschien 2022 und enth\u00e4lt Erhebungen aus dem Jahr 2021. Das Integrationsprofil zeigt, dass im Gesamtgebiet des Kreises 35 837 Frauen mit Migrationshintergrund wohnen. Das entspricht etwa 26% der gesamten weiblichen Bev\u00f6lkerung und 13,6 % der Gesamtbev\u00f6lkerung des Kreises. Es ist davon auszugehen, dass sich diese Zahl durch die Zuwanderung der ukrainischen gefl\u00fcchteten Frauen dramatisch erh\u00f6ht hat.&nbsp; Die Integrationsangebote f\u00fcr Frauen haben sich jedoch der ver\u00e4nderten Situation nicht angepasst. Die Wartezeiten f\u00fcr Integrationskurse haben sich verl\u00e4ngert und es fehlt akut an Sprachkursageboten. Dazu kommt die Problematik der mangelnden Erfahrungen und Kenntnissen des Systems des \u00f6ffentlichen Verkehres vor Ort. Somit sieht unser Verein als erstes Ziel der MiA-Kurse, den Frauen die Mobilit\u00e4tserfahrungen zu gew\u00e4hrleisten und zusammen mit ihnen die unterschiedlichen Varianten der Mobilit\u00e4t auszuarbeiten. Als zweites gro\u00dfes Ziel gesehen wir in der Verbesserung der allt\u00e4glichen Sprachkenntnisse, die zur Orientierung in der Umgebung und Selbst\u00e4ndigkeit der Frauen ma\u00dfgeblich beitragen.<\/p>\n\n\n\n<p>Unsere Schwerpunkte der MiA-Kurse:<\/p>\n\n\n\n<p><strong>\u0660<\/strong> Erste Sprachorientierung. Projektbezogene Ma\u00dfnahmen: Vermittlung der Grundkenntnisse der der deutschen Sprache im klassischen Unterricht mit Gruppenarbeit, Exkursionen, Nachspielen von Lebenssituationen, Werksattangebote<\/p>\n\n\n\n<p><strong>\u0660<\/strong> Kenntnisse \u00fcber die deutsche Gesellschaft und die \u00f6rtlichen Strukturen des Ehrenamtes und sozialer Einrichtungen. Projektbezogene Ma\u00dfnahmen: Infoveranstaltungen, Wissensvermittlung anhand der Kurzfilme, Treffen mit Vereinen und Organisationen in den Wohnorten der teilnehmenden Frauen.<\/p>\n\n\n\n<p><strong>\u0660<\/strong> Lebensplanung (Selbstmanagement): Kl\u00e4rung der Unterst\u00fctzungsbedarfe, Infoveranstaltung \u00fcber Anerkennung g der Abschl\u00fcsse, Berufsqualifikationen, Bewerbungsprozesse, Weiterbildungsm\u00f6glichkeiten.<\/p>\n\n\n\n<p><strong>\u0660<\/strong> St\u00e4rkung der Erziehungskompetenzen und Erweiterung der Kenntnisse des Bildungssystems: Projektbezogene Ma\u00dfnahmen: Infoveranstaltungen mit Fragerunde, Hospitationen in KiTas und Schule.<\/p>\n\n\n\n<p><br>Das Projekt wird durch das Bundesamt f\u00fcr Migration und Fl\u00fcchtlinge f\u00f6rdert.<\/p>\n\n\n\n<div class=\"wp-block-columns is-layout-flex wp-container-core-columns-is-layout-28f84493 wp-block-columns-is-layout-flex\">\n<div class=\"wp-block-column is-layout-flow wp-block-column-is-layout-flow\">\n<figure class=\"wp-block-image aligncenter size-full is-resized\"><img loading=\"lazy\" decoding=\"async\" width=\"300\" height=\"168\" src=\"https:\/\/kuna-sdg.de\/wp-content\/uploads\/2024\/03\/Bfm.png\" alt=\"\" class=\"wp-image-1242\" style=\"width:114px;height:auto\"\/><\/figure>\n<\/div>\n<\/div>\n","protected":false},"excerpt":{"rendered":"<p>MiA-Kurse begleiten Migrantinnen dabei, in Deutschland an- sowie weiterzukommen. Die Frauen werden nicht nur an das gesellschaftliche Leben in ihren Wohnorten herangef\u00fchrt, sondern auch darin best\u00e4rkt, wichtige Informationen f\u00fcr ihren Alltag zu verstehen und entsprechend zu handeln. Die Kurse sind im Hinblick auf die Lerninhalte flexibel und individuell an die Bed\u00fcrfnisse der Teilnehmerinnen anpassbar.\u00a0 Unser [&hellip;]<\/p>\n","protected":false},"author":1,"featured_media":0,"parent":106,"menu_order":0,"comment_status":"closed","ping_status":"closed","template":"page-templates\/full-width.php","meta":{"footnotes":"","_links_to":"","_links_to_target":""},"class_list":["post-1241","page","type-page","status-publish","hentry"],"blocksy_meta":[],"_links":{"self":[{"href":"https:\/\/kuna-sdg.de\/index.php?rest_route=\/wp\/v2\/pages\/1241","targetHints":{"allow":["GET"]}}],"collection":[{"href":"https:\/\/kuna-sdg.de\/index.php?rest_route=\/wp\/v2\/pages"}],"about":[{"href":"https:\/\/kuna-sdg.de\/index.php?rest_route=\/wp\/v2\/types\/page"}],"author":[{"embeddable":true,"href":"https:\/\/kuna-sdg.de\/index.php?rest_route=\/wp\/v2\/users\/1"}],"replies":[{"embeddable":true,"href":"https:\/\/kuna-sdg.de\/index.php?rest_route=%2Fwp%2Fv2%2Fcomments&post=1241"}],"version-history":[{"count":9,"href":"https:\/\/kuna-sdg.de\/index.php?rest_route=\/wp\/v2\/pages\/1241\/revisions"}],"predecessor-version":[{"id":2119,"href":"https:\/\/kuna-sdg.de\/index.php?rest_route=\/wp\/v2\/pages\/1241\/revisions\/2119"}],"up":[{"embeddable":true,"href":"https:\/\/kuna-sdg.de\/index.php?rest_route=\/wp\/v2\/pages\/106"}],"wp:attachment":[{"href":"https:\/\/kuna-sdg.de\/index.php?rest_route=%2Fwp%2Fv2%2Fmedia&parent=1241"}],"curies":[{"name":"wp","href":"https:\/\/api.w.org\/{rel}","templated":true}]}}