{"id":1308,"date":"2024-08-02T08:14:38","date_gmt":"2024-08-02T08:14:38","guid":{"rendered":"https:\/\/kuna-sdg.de\/?page_id=1308"},"modified":"2026-04-17T12:29:45","modified_gmt":"2026-04-17T12:29:45","slug":"nachhaltiges-unternehmentum-in-laendlichen-gebieten","status":"publish","type":"page","link":"https:\/\/kuna-sdg.de\/?page_id=1308","title":{"rendered":"Nachhaltiges Unternehmentum in l\u00e4ndlichen Gebieten"},"content":{"rendered":"\n<p><\/p>\n\n\n\n<div class=\"wp-block-media-text is-stacked-on-mobile\" style=\"grid-template-columns:22% auto\"><figure class=\"wp-block-media-text__media\"><img loading=\"lazy\" decoding=\"async\" width=\"1024\" height=\"1024\" src=\"https:\/\/kuna-sdg.de\/wp-content\/uploads\/2025\/10\/NU-kuna-noBG-1.png\" alt=\"\" class=\"wp-image-2122 size-full\" srcset=\"https:\/\/kuna-sdg.de\/wp-content\/uploads\/2025\/10\/NU-kuna-noBG-1.png 1024w, https:\/\/kuna-sdg.de\/wp-content\/uploads\/2025\/10\/NU-kuna-noBG-1-300x300.png 300w, https:\/\/kuna-sdg.de\/wp-content\/uploads\/2025\/10\/NU-kuna-noBG-1-150x150.png 150w, https:\/\/kuna-sdg.de\/wp-content\/uploads\/2025\/10\/NU-kuna-noBG-1-768x768.png 768w\" sizes=\"auto, (max-width: 1024px) 100vw, 1024px\" \/><\/figure><div class=\"wp-block-media-text__content\">\n<p>Im Sommer 2024 nahm KUNA e.V. am Projekt \u201eNachhaltiges Unternehmertum in l\u00e4ndlichen Gebieten\u201c als Kooperationspartner der belarussischen Initiative GURT teil. Das Projekt konnte dank der Finanzierung durch das EU-Programm f\u00fcr Belarussinnen und Belarussen \u201eSocial Camp\u201c stattfinden. Das Programm wird vom Goethe-Institut Warschau geleitet und bietet Kurse, Workshops und F\u00f6rderm\u00f6glichkeiten im Bereich Erwachsenenbildung nach dem System der Liberal Arts. <\/p>\n<\/div><\/div>\n\n\n\n<p>Die Initiative GURT setzt sich seit vielen Jahren mit den Herausforderungen der l\u00e4ndlichen Entwicklung in belarussischen Regionen auseinander und verbindet kleine, oftmals l\u00e4ndlich gepr\u00e4gte Betriebe mit dem Ziel der Wissensvermittlung und Gemeinschaftsbildung. Im Mittelpunkt des Projekts stand die Bedeutung der SDG-Ziele f\u00fcr die Praxis der Landwirtschaft und die St\u00e4rkung der Dorfgemeinschaft. Der renommierte Wirtschaftswissenschaftler Dr. Aleg Sivagrakau legte in den Pr\u00e4senzveranstaltungen besonderen Wert auf die praktische Anwendung der Nachhaltigkeitsziele in l\u00e4ndlichen Betrieben. Natalia Neumann von KUNA e. V. unterst\u00fctzte die Online-Veranstaltungen mit Beitr\u00e4gen \u00fcber soziale Landwirtschaft in Deutschland, das Modell der solidarischen Landwirtschaft und erl\u00e4uterte anhand von Beispielen wie Hoffesten Marketingstrategien f\u00fcr die Direktvermarktung landwirtschaftlicher Erzeugnisse. Ein besonderes Kapitel der Vorlesungsreihe widmete sich der Organisation von Dorffesten als Instrument der kulturellen Identifikation.<\/p>\n\n\n\n<div class=\"wp-block-columns is-layout-flex wp-container-core-columns-is-layout-28f84493 wp-block-columns-is-layout-flex\">\n<div class=\"wp-block-column is-layout-flow wp-block-column-is-layout-flow\">\n<figure data-wp-context=\"{&quot;imageId&quot;:&quot;69e6a4152ec1c&quot;}\" data-wp-interactive=\"core\/image\" data-wp-key=\"69e6a4152ec1c\" class=\"wp-block-image size-large is-resized wp-lightbox-container\"><img loading=\"lazy\" decoding=\"async\" width=\"768\" height=\"1024\" data-wp-class--hide=\"state.isContentHidden\" data-wp-class--show=\"state.isContentVisible\" data-wp-init=\"callbacks.setButtonStyles\" data-wp-on--click=\"actions.showLightbox\" data-wp-on--load=\"callbacks.setButtonStyles\" data-wp-on-window--resize=\"callbacks.setButtonStyles\" src=\"https:\/\/kuna-sdg.de\/wp-content\/uploads\/2024\/08\/ph1-3-768x1024.jpg\" alt=\"\" class=\"wp-image-1338\" style=\"width:233px;height:auto\" srcset=\"https:\/\/kuna-sdg.de\/wp-content\/uploads\/2024\/08\/ph1-3-768x1024.jpg 768w, https:\/\/kuna-sdg.de\/wp-content\/uploads\/2024\/08\/ph1-3-225x300.jpg 225w, https:\/\/kuna-sdg.de\/wp-content\/uploads\/2024\/08\/ph1-3.jpg 960w\" sizes=\"auto, (max-width: 768px) 100vw, 768px\" \/><button\n\t\t\tclass=\"lightbox-trigger\"\n\t\t\ttype=\"button\"\n\t\t\taria-haspopup=\"dialog\"\n\t\t\taria-label=\"Vergr\u00f6\u00dfern\"\n\t\t\tdata-wp-init=\"callbacks.initTriggerButton\"\n\t\t\tdata-wp-on--click=\"actions.showLightbox\"\n\t\t\tdata-wp-style--right=\"state.imageButtonRight\"\n\t\t\tdata-wp-style--top=\"state.imageButtonTop\"\n\t\t>\n\t\t\t<svg xmlns=\"http:\/\/www.w3.org\/2000\/svg\" width=\"12\" height=\"12\" fill=\"none\" viewBox=\"0 0 12 12\">\n\t\t\t\t<path fill=\"#fff\" d=\"M2 0a2 2 0 0 0-2 2v2h1.5V2a.5.5 0 0 1 .5-.5h2V0H2Zm2 10.5H2a.5.5 0 0 1-.5-.5V8H0v2a2 2 0 0 0 2 2h2v-1.5ZM8 12v-1.5h2a.5.5 0 0 0 .5-.5V8H12v2a2 2 0 0 1-2 2H8Zm2-12a2 2 0 0 1 2 2v2h-1.5V2a.5.5 0 0 0-.5-.5H8V0h2Z\" \/>\n\t\t\t<\/svg>\n\t\t<\/button><\/figure>\n<\/div>\n\n\n\n<div class=\"wp-block-column is-layout-flow wp-block-column-is-layout-flow\">\n<figure data-wp-context=\"{&quot;imageId&quot;:&quot;69e6a415310c6&quot;}\" data-wp-interactive=\"core\/image\" data-wp-key=\"69e6a415310c6\" class=\"wp-block-image size-large is-resized wp-lightbox-container\"><img loading=\"lazy\" decoding=\"async\" width=\"768\" height=\"1024\" data-wp-class--hide=\"state.isContentHidden\" data-wp-class--show=\"state.isContentVisible\" data-wp-init=\"callbacks.setButtonStyles\" data-wp-on--click=\"actions.showLightbox\" data-wp-on--load=\"callbacks.setButtonStyles\" data-wp-on-window--resize=\"callbacks.setButtonStyles\" src=\"https:\/\/kuna-sdg.de\/wp-content\/uploads\/2024\/08\/ph3-3-768x1024.jpg\" alt=\"\" class=\"wp-image-1339\" style=\"width:233px;height:auto\" srcset=\"https:\/\/kuna-sdg.de\/wp-content\/uploads\/2024\/08\/ph3-3-768x1024.jpg 768w, https:\/\/kuna-sdg.de\/wp-content\/uploads\/2024\/08\/ph3-3-225x300.jpg 225w, https:\/\/kuna-sdg.de\/wp-content\/uploads\/2024\/08\/ph3-3.jpg 960w\" sizes=\"auto, (max-width: 768px) 100vw, 768px\" \/><button\n\t\t\tclass=\"lightbox-trigger\"\n\t\t\ttype=\"button\"\n\t\t\taria-haspopup=\"dialog\"\n\t\t\taria-label=\"Vergr\u00f6\u00dfern\"\n\t\t\tdata-wp-init=\"callbacks.initTriggerButton\"\n\t\t\tdata-wp-on--click=\"actions.showLightbox\"\n\t\t\tdata-wp-style--right=\"state.imageButtonRight\"\n\t\t\tdata-wp-style--top=\"state.imageButtonTop\"\n\t\t>\n\t\t\t<svg xmlns=\"http:\/\/www.w3.org\/2000\/svg\" width=\"12\" height=\"12\" fill=\"none\" viewBox=\"0 0 12 12\">\n\t\t\t\t<path fill=\"#fff\" d=\"M2 0a2 2 0 0 0-2 2v2h1.5V2a.5.5 0 0 1 .5-.5h2V0H2Zm2 10.5H2a.5.5 0 0 1-.5-.5V8H0v2a2 2 0 0 0 2 2h2v-1.5ZM8 12v-1.5h2a.5.5 0 0 0 .5-.5V8H12v2a2 2 0 0 1-2 2H8Zm2-12a2 2 0 0 1 2 2v2h-1.5V2a.5.5 0 0 0-.5-.5H8V0h2Z\" \/>\n\t\t\t<\/svg>\n\t\t<\/button><\/figure>\n<\/div>\n\n\n\n<div class=\"wp-block-column is-layout-flow wp-block-column-is-layout-flow\">\n<figure data-wp-context=\"{&quot;imageId&quot;:&quot;69e6a41531bc2&quot;}\" data-wp-interactive=\"core\/image\" data-wp-key=\"69e6a41531bc2\" class=\"wp-block-image size-full is-resized wp-lightbox-container\"><img loading=\"lazy\" decoding=\"async\" width=\"572\" height=\"936\" data-wp-class--hide=\"state.isContentHidden\" data-wp-class--show=\"state.isContentVisible\" data-wp-init=\"callbacks.setButtonStyles\" data-wp-on--click=\"actions.showLightbox\" data-wp-on--load=\"callbacks.setButtonStyles\" data-wp-on-window--resize=\"callbacks.setButtonStyles\" src=\"https:\/\/kuna-sdg.de\/wp-content\/uploads\/2024\/08\/ph2-2.jpg\" alt=\"\" class=\"wp-image-1340\" style=\"width:189px;height:auto\" srcset=\"https:\/\/kuna-sdg.de\/wp-content\/uploads\/2024\/08\/ph2-2.jpg 572w, https:\/\/kuna-sdg.de\/wp-content\/uploads\/2024\/08\/ph2-2-183x300.jpg 183w\" sizes=\"auto, (max-width: 572px) 100vw, 572px\" \/><button\n\t\t\tclass=\"lightbox-trigger\"\n\t\t\ttype=\"button\"\n\t\t\taria-haspopup=\"dialog\"\n\t\t\taria-label=\"Vergr\u00f6\u00dfern\"\n\t\t\tdata-wp-init=\"callbacks.initTriggerButton\"\n\t\t\tdata-wp-on--click=\"actions.showLightbox\"\n\t\t\tdata-wp-style--right=\"state.imageButtonRight\"\n\t\t\tdata-wp-style--top=\"state.imageButtonTop\"\n\t\t>\n\t\t\t<svg xmlns=\"http:\/\/www.w3.org\/2000\/svg\" width=\"12\" height=\"12\" fill=\"none\" viewBox=\"0 0 12 12\">\n\t\t\t\t<path fill=\"#fff\" d=\"M2 0a2 2 0 0 0-2 2v2h1.5V2a.5.5 0 0 1 .5-.5h2V0H2Zm2 10.5H2a.5.5 0 0 1-.5-.5V8H0v2a2 2 0 0 0 2 2h2v-1.5ZM8 12v-1.5h2a.5.5 0 0 0 .5-.5V8H12v2a2 2 0 0 1-2 2H8Zm2-12a2 2 0 0 1 2 2v2h-1.5V2a.5.5 0 0 0-.5-.5H8V0h2Z\" \/>\n\t\t\t<\/svg>\n\t\t<\/button><\/figure>\n<\/div>\n<\/div>\n\n\n\n<div class=\"wp-block-columns is-layout-flex wp-container-core-columns-is-layout-28f84493 wp-block-columns-is-layout-flex\">\n<div class=\"wp-block-column is-layout-flow wp-block-column-is-layout-flow\">\n<figure data-wp-context=\"{&quot;imageId&quot;:&quot;69e6a41532bdd&quot;}\" data-wp-interactive=\"core\/image\" data-wp-key=\"69e6a41532bdd\" class=\"wp-block-image size-large is-resized wp-lightbox-container\"><img loading=\"lazy\" decoding=\"async\" width=\"1024\" height=\"576\" data-wp-class--hide=\"state.isContentHidden\" data-wp-class--show=\"state.isContentVisible\" data-wp-init=\"callbacks.setButtonStyles\" data-wp-on--click=\"actions.showLightbox\" data-wp-on--load=\"callbacks.setButtonStyles\" data-wp-on-window--resize=\"callbacks.setButtonStyles\" src=\"https:\/\/kuna-sdg.de\/wp-content\/uploads\/2024\/08\/Bild-2-2-1024x576.jpg\" alt=\"\" class=\"wp-image-1351\" style=\"width:364px;height:auto\" srcset=\"https:\/\/kuna-sdg.de\/wp-content\/uploads\/2024\/08\/Bild-2-2-1024x576.jpg 1024w, https:\/\/kuna-sdg.de\/wp-content\/uploads\/2024\/08\/Bild-2-2-300x169.jpg 300w, https:\/\/kuna-sdg.de\/wp-content\/uploads\/2024\/08\/Bild-2-2-768x432.jpg 768w, https:\/\/kuna-sdg.de\/wp-content\/uploads\/2024\/08\/Bild-2-2.jpg 1280w\" sizes=\"auto, (max-width: 1024px) 100vw, 1024px\" \/><button\n\t\t\tclass=\"lightbox-trigger\"\n\t\t\ttype=\"button\"\n\t\t\taria-haspopup=\"dialog\"\n\t\t\taria-label=\"Vergr\u00f6\u00dfern\"\n\t\t\tdata-wp-init=\"callbacks.initTriggerButton\"\n\t\t\tdata-wp-on--click=\"actions.showLightbox\"\n\t\t\tdata-wp-style--right=\"state.imageButtonRight\"\n\t\t\tdata-wp-style--top=\"state.imageButtonTop\"\n\t\t>\n\t\t\t<svg xmlns=\"http:\/\/www.w3.org\/2000\/svg\" width=\"12\" height=\"12\" fill=\"none\" viewBox=\"0 0 12 12\">\n\t\t\t\t<path fill=\"#fff\" d=\"M2 0a2 2 0 0 0-2 2v2h1.5V2a.5.5 0 0 1 .5-.5h2V0H2Zm2 10.5H2a.5.5 0 0 1-.5-.5V8H0v2a2 2 0 0 0 2 2h2v-1.5ZM8 12v-1.5h2a.5.5 0 0 0 .5-.5V8H12v2a2 2 0 0 1-2 2H8Zm2-12a2 2 0 0 1 2 2v2h-1.5V2a.5.5 0 0 0-.5-.5H8V0h2Z\" \/>\n\t\t\t<\/svg>\n\t\t<\/button><\/figure>\n<\/div>\n\n\n\n<div class=\"wp-block-column is-layout-flow wp-block-column-is-layout-flow\">\n<figure data-wp-context=\"{&quot;imageId&quot;:&quot;69e6a4153389c&quot;}\" data-wp-interactive=\"core\/image\" data-wp-key=\"69e6a4153389c\" class=\"wp-block-image size-full is-resized wp-lightbox-container\"><img loading=\"lazy\" decoding=\"async\" width=\"683\" height=\"380\" data-wp-class--hide=\"state.isContentHidden\" data-wp-class--show=\"state.isContentVisible\" data-wp-init=\"callbacks.setButtonStyles\" data-wp-on--click=\"actions.showLightbox\" data-wp-on--load=\"callbacks.setButtonStyles\" data-wp-on-window--resize=\"callbacks.setButtonStyles\" src=\"https:\/\/kuna-sdg.de\/wp-content\/uploads\/2024\/08\/Bild1.jpg\" alt=\"\" class=\"wp-image-1342\" style=\"width:370px;height:auto\" srcset=\"https:\/\/kuna-sdg.de\/wp-content\/uploads\/2024\/08\/Bild1.jpg 683w, https:\/\/kuna-sdg.de\/wp-content\/uploads\/2024\/08\/Bild1-300x167.jpg 300w, https:\/\/kuna-sdg.de\/wp-content\/uploads\/2024\/08\/Bild1-450x250.jpg 450w\" sizes=\"auto, (max-width: 683px) 100vw, 683px\" \/><button\n\t\t\tclass=\"lightbox-trigger\"\n\t\t\ttype=\"button\"\n\t\t\taria-haspopup=\"dialog\"\n\t\t\taria-label=\"Vergr\u00f6\u00dfern\"\n\t\t\tdata-wp-init=\"callbacks.initTriggerButton\"\n\t\t\tdata-wp-on--click=\"actions.showLightbox\"\n\t\t\tdata-wp-style--right=\"state.imageButtonRight\"\n\t\t\tdata-wp-style--top=\"state.imageButtonTop\"\n\t\t>\n\t\t\t<svg xmlns=\"http:\/\/www.w3.org\/2000\/svg\" width=\"12\" height=\"12\" fill=\"none\" viewBox=\"0 0 12 12\">\n\t\t\t\t<path fill=\"#fff\" d=\"M2 0a2 2 0 0 0-2 2v2h1.5V2a.5.5 0 0 1 .5-.5h2V0H2Zm2 10.5H2a.5.5 0 0 1-.5-.5V8H0v2a2 2 0 0 0 2 2h2v-1.5ZM8 12v-1.5h2a.5.5 0 0 0 .5-.5V8H12v2a2 2 0 0 1-2 2H8Zm2-12a2 2 0 0 1 2 2v2h-1.5V2a.5.5 0 0 0-.5-.5H8V0h2Z\" \/>\n\t\t\t<\/svg>\n\t\t<\/button><\/figure>\n<\/div>\n<\/div>\n\n\n\n<div class=\"wp-block-columns is-layout-flex wp-container-core-columns-is-layout-28f84493 wp-block-columns-is-layout-flex\">\n<div class=\"wp-block-column is-layout-flow wp-block-column-is-layout-flow\" style=\"flex-basis:33.33%\">\n<figure class=\"wp-block-image aligncenter size-full\"><img loading=\"lazy\" decoding=\"async\" width=\"135\" height=\"57\" src=\"https:\/\/kuna-sdg.de\/wp-content\/uploads\/2024\/08\/Image-1-1.png\" alt=\"\" class=\"wp-image-1321\"\/><\/figure>\n<\/div>\n\n\n\n<div class=\"wp-block-column is-layout-flow wp-block-column-is-layout-flow\" style=\"flex-basis:66.66%\">\n<figure class=\"wp-block-image size-full is-resized\"><img loading=\"lazy\" decoding=\"async\" width=\"589\" height=\"74\" src=\"https:\/\/kuna-sdg.de\/wp-content\/uploads\/2024\/08\/image-1.png\" alt=\"\" class=\"wp-image-1312\" style=\"width:509px;height:auto\" srcset=\"https:\/\/kuna-sdg.de\/wp-content\/uploads\/2024\/08\/image-1.png 589w, https:\/\/kuna-sdg.de\/wp-content\/uploads\/2024\/08\/image-1-300x38.png 300w\" sizes=\"auto, (max-width: 589px) 100vw, 589px\" \/><\/figure>\n<\/div>\n<\/div>\n","protected":false},"excerpt":{"rendered":"<p>Im Sommer 2024 nahm KUNA e.V. am Projekt \u201eNachhaltiges Unternehmertum in l\u00e4ndlichen Gebieten\u201c als Kooperationspartner der belarussischen Initiative GURT teil. Das Projekt konnte dank der Finanzierung durch das EU-Programm f\u00fcr Belarussinnen und Belarussen \u201eSocial Camp\u201c stattfinden. Das Programm wird vom Goethe-Institut Warschau geleitet und bietet Kurse, Workshops und F\u00f6rderm\u00f6glichkeiten im Bereich Erwachsenenbildung nach dem System [&hellip;]<\/p>\n","protected":false},"author":1,"featured_media":0,"parent":106,"menu_order":0,"comment_status":"closed","ping_status":"closed","template":"","meta":{"footnotes":"","_links_to":"","_links_to_target":""},"class_list":["post-1308","page","type-page","status-publish","hentry"],"blocksy_meta":[],"_links":{"self":[{"href":"https:\/\/kuna-sdg.de\/index.php?rest_route=\/wp\/v2\/pages\/1308","targetHints":{"allow":["GET"]}}],"collection":[{"href":"https:\/\/kuna-sdg.de\/index.php?rest_route=\/wp\/v2\/pages"}],"about":[{"href":"https:\/\/kuna-sdg.de\/index.php?rest_route=\/wp\/v2\/types\/page"}],"author":[{"embeddable":true,"href":"https:\/\/kuna-sdg.de\/index.php?rest_route=\/wp\/v2\/users\/1"}],"replies":[{"embeddable":true,"href":"https:\/\/kuna-sdg.de\/index.php?rest_route=%2Fwp%2Fv2%2Fcomments&post=1308"}],"version-history":[{"count":19,"href":"https:\/\/kuna-sdg.de\/index.php?rest_route=\/wp\/v2\/pages\/1308\/revisions"}],"predecessor-version":[{"id":2632,"href":"https:\/\/kuna-sdg.de\/index.php?rest_route=\/wp\/v2\/pages\/1308\/revisions\/2632"}],"up":[{"embeddable":true,"href":"https:\/\/kuna-sdg.de\/index.php?rest_route=\/wp\/v2\/pages\/106"}],"wp:attachment":[{"href":"https:\/\/kuna-sdg.de\/index.php?rest_route=%2Fwp%2Fv2%2Fmedia&parent=1308"}],"curies":[{"name":"wp","href":"https:\/\/api.w.org\/{rel}","templated":true}]}}