{"id":1400,"date":"2024-11-23T10:07:47","date_gmt":"2024-11-23T10:07:47","guid":{"rendered":"https:\/\/kuna-sdg.de\/?page_id=1400"},"modified":"2026-03-01T21:48:50","modified_gmt":"2026-03-01T21:48:50","slug":"soziale-inklusion","status":"publish","type":"page","link":"https:\/\/kuna-sdg.de\/?page_id=1400","title":{"rendered":"Soziale Inklusion in Kirgisistan"},"content":{"rendered":"\n<p><strong><em>Kooperationsprojekt von Public Foundation \u201eOur Voice\u201c, Biskek&nbsp; und KUNA e. V.<\/em><\/strong><\/p>\n\n\n\n<p>Projektlaufzeit: Oktober-Dezember 2024<\/p>\n\n\n\n<div class=\"wp-block-columns is-layout-flex wp-container-core-columns-is-layout-28f84493 wp-block-columns-is-layout-flex\">\n<div class=\"wp-block-column is-layout-flow wp-block-column-is-layout-flow\"><\/div>\n<\/div>\n\n\n\n<div class=\"wp-block-media-text is-stacked-on-mobile is-vertically-aligned-top\" style=\"grid-template-columns:44% auto\"><figure class=\"wp-block-media-text__media\"><img loading=\"lazy\" decoding=\"async\" width=\"500\" height=\"500\" src=\"https:\/\/kuna-sdg.de\/wp-content\/uploads\/2025\/08\/ChatGPT_Image_5._Aug._2025__12_59_10-removebg-preview.png\" alt=\"\" class=\"wp-image-1671 size-full\" srcset=\"https:\/\/kuna-sdg.de\/wp-content\/uploads\/2025\/08\/ChatGPT_Image_5._Aug._2025__12_59_10-removebg-preview.png 500w, https:\/\/kuna-sdg.de\/wp-content\/uploads\/2025\/08\/ChatGPT_Image_5._Aug._2025__12_59_10-removebg-preview-300x300.png 300w, https:\/\/kuna-sdg.de\/wp-content\/uploads\/2025\/08\/ChatGPT_Image_5._Aug._2025__12_59_10-removebg-preview-150x150.png 150w\" sizes=\"auto, (max-width: 500px) 100vw, 500px\" \/><\/figure><div class=\"wp-block-media-text__content\">\n<p><strong>Empowerment f\u00fcr M\u00e4dchen mit besonderen Bed\u00fcrfnissen in Bishkek<\/strong>.<\/p>\n\n\n\n<p style=\"font-size:clamp(14px, 0.875rem + ((1vw - 3.2px) * 0.156), 16px);\">Der gemeinn\u00fctzige Verein \u201eUnsere Stimme\u201c in Bischkek arbeitet im Bereich \u201eSoziale Arbeit\u201c und unterh\u00e4lt eine soziale Einrichtung mit Unterkunftsr\u00e4umen (Sozialny dom). Dort werden M\u00e4dchen und junge Frauen nach ihrer Entlassung aus dem Kinderheim auf das Erwachsenenleben vorbereitet. Der gemeinn\u00fctzige Verein \u201eUnsere Stimme\u201c in Bischkek arbeitete im Bereich \u201eSoziale Arbeit\u201c und unterhielt eine soziale Einrichtung mit Unterkunftsr\u00e4umen (Sozialny dom). Dort wurden M\u00e4dchen und junge Frauen nach ihrer Entlassung aus dem Kinderheim auf das Erwachsenenleben vorbereitet.<\/p>\n\n\n\n<p style=\"font-size:clamp(14px, 0.875rem + ((1vw - 3.2px) * 0.156), 16px);\">Die Einrichtung wird ausschlie\u00dflich durch Spenden finanziert, und die Einnahmen reichen oft nur f\u00fcr die Instandhaltung der Wohnr\u00e4ume. Mit unserem Projekt wollten wir den jungen Frauen die M\u00f6glichkeit geben, ihre Erlebnisse mithilfe von Kunstmethoden und unter der Anleitung eines professionellen Workshopleiters zu verarbeiten. <\/p>\n<\/div><\/div>\n\n\n\n<p style=\"font-size:clamp(14px, 0.875rem + ((1vw - 3.2px) * 0.156), 16px);\">Der KUNA e.V. hatte Projekterfahrungen mit Frauen und Methoden, die in dem Projekt <a href=\"https:\/\/kuna-sdg.de\/front-page\/unsere_arbeit\/artwomculture\/\">Artwomculture<\/a> angewendet wurden. Der Verein wollte seine Erfahrungen in diesem Gebiet teilen und die jungen Frauen in Bischkek ermutigen, selbstst\u00e4ndig Neues auszuprobieren und aktiv zu werden. So konnten die Frauen in ihren Arbeiten nicht nur das Erlebte verarbeiten, sondern auch eigene Potenziale entdecken und sich neue Perspektiven schaffen. Es handelte sich um die zweite Begegnungsma\u00dfnahme in Pr\u00e4senz. Die Partner erarbeiteten die langfristige Strategie der Projektarbeit. Bei der Begegnung ging es auch um das pers\u00f6nliche Kennenlernen und um die Erkundung der Situation vor Ort, in Taschkent. Es war geplant, mit der Zielgruppe der Projekte des Vereins zu sprechen, um die Bedarfe und W\u00fcnsche f\u00fcr die zuk\u00fcnftige Projektarbeit zu erfahren. Dar\u00fcber hinaus waren Besuche bei anderen Vereinen geplant, um die Kooperationsm\u00f6glichkeiten zu erweitern. Es wurden Fragen zu den Schnittstellen zwischen den Organisationen in den Themen \u201eBildung von Frauen\u201c und \u201eKultur und Nachhaltigkeit\u201c beantwortet.<\/p>\n\n\n\n<p style=\"font-size:clamp(14px, 0.875rem + ((1vw - 3.2px) * 0.156), 16px);\">Das Projekt wurde von der Stiftung West-\u00d6stliche Begegnungen in Berlin gef\u00f6rdert<\/p>\n\n\n\n<figure class=\"wp-block-gallery has-nested-images columns-default is-cropped wp-block-gallery-1 is-layout-flex wp-block-gallery-is-layout-flex\">\n<figure class=\"wp-block-image size-large\"><img loading=\"lazy\" decoding=\"async\" width=\"1024\" height=\"768\" data-id=\"1684\" src=\"https:\/\/kuna-sdg.de\/wp-content\/uploads\/2025\/08\/IMG_2796-1024x768.jpg\" alt=\"\" class=\"wp-image-1684\" srcset=\"https:\/\/kuna-sdg.de\/wp-content\/uploads\/2025\/08\/IMG_2796-1024x768.jpg 1024w, https:\/\/kuna-sdg.de\/wp-content\/uploads\/2025\/08\/IMG_2796-300x225.jpg 300w, https:\/\/kuna-sdg.de\/wp-content\/uploads\/2025\/08\/IMG_2796-768x576.jpg 768w, https:\/\/kuna-sdg.de\/wp-content\/uploads\/2025\/08\/IMG_2796-1536x1152.jpg 1536w, https:\/\/kuna-sdg.de\/wp-content\/uploads\/2025\/08\/IMG_2796.jpg 2016w\" sizes=\"auto, (max-width: 1024px) 100vw, 1024px\" \/><\/figure>\n\n\n\n<figure class=\"wp-block-image size-large\"><img loading=\"lazy\" decoding=\"async\" width=\"1024\" height=\"768\" data-id=\"1683\" src=\"https:\/\/kuna-sdg.de\/wp-content\/uploads\/2025\/08\/IMG_2749-1024x768.jpg\" alt=\"\" class=\"wp-image-1683\" srcset=\"https:\/\/kuna-sdg.de\/wp-content\/uploads\/2025\/08\/IMG_2749-1024x768.jpg 1024w, https:\/\/kuna-sdg.de\/wp-content\/uploads\/2025\/08\/IMG_2749-300x225.jpg 300w, https:\/\/kuna-sdg.de\/wp-content\/uploads\/2025\/08\/IMG_2749-768x576.jpg 768w, https:\/\/kuna-sdg.de\/wp-content\/uploads\/2025\/08\/IMG_2749-1536x1152.jpg 1536w, https:\/\/kuna-sdg.de\/wp-content\/uploads\/2025\/08\/IMG_2749.jpg 2016w\" sizes=\"auto, (max-width: 1024px) 100vw, 1024px\" \/><\/figure>\n\n\n\n<figure class=\"wp-block-image size-large\"><img loading=\"lazy\" decoding=\"async\" width=\"768\" height=\"1024\" data-id=\"1685\" src=\"https:\/\/kuna-sdg.de\/wp-content\/uploads\/2025\/08\/IMG_2801-768x1024.jpg\" alt=\"\" class=\"wp-image-1685\" srcset=\"https:\/\/kuna-sdg.de\/wp-content\/uploads\/2025\/08\/IMG_2801-768x1024.jpg 768w, https:\/\/kuna-sdg.de\/wp-content\/uploads\/2025\/08\/IMG_2801-225x300.jpg 225w, https:\/\/kuna-sdg.de\/wp-content\/uploads\/2025\/08\/IMG_2801-1152x1536.jpg 1152w, https:\/\/kuna-sdg.de\/wp-content\/uploads\/2025\/08\/IMG_2801-rotated.jpg 1512w\" sizes=\"auto, (max-width: 768px) 100vw, 768px\" \/><\/figure>\n\n\n\n<figure class=\"wp-block-image size-large\"><img loading=\"lazy\" decoding=\"async\" width=\"1024\" height=\"768\" data-id=\"1686\" src=\"https:\/\/kuna-sdg.de\/wp-content\/uploads\/2025\/08\/IMG_2786-1024x768.jpg\" alt=\"\" class=\"wp-image-1686\" srcset=\"https:\/\/kuna-sdg.de\/wp-content\/uploads\/2025\/08\/IMG_2786-1024x768.jpg 1024w, https:\/\/kuna-sdg.de\/wp-content\/uploads\/2025\/08\/IMG_2786-300x225.jpg 300w, https:\/\/kuna-sdg.de\/wp-content\/uploads\/2025\/08\/IMG_2786-768x576.jpg 768w, https:\/\/kuna-sdg.de\/wp-content\/uploads\/2025\/08\/IMG_2786-1536x1152.jpg 1536w, https:\/\/kuna-sdg.de\/wp-content\/uploads\/2025\/08\/IMG_2786-2048x1536.jpg 2048w\" sizes=\"auto, (max-width: 1024px) 100vw, 1024px\" \/><\/figure>\n\n\n\n<figure class=\"wp-block-image size-large\"><img loading=\"lazy\" decoding=\"async\" width=\"1024\" height=\"768\" data-id=\"1682\" src=\"https:\/\/kuna-sdg.de\/wp-content\/uploads\/2025\/08\/IMG_2806-1024x768.jpg\" alt=\"\" class=\"wp-image-1682\" srcset=\"https:\/\/kuna-sdg.de\/wp-content\/uploads\/2025\/08\/IMG_2806-1024x768.jpg 1024w, https:\/\/kuna-sdg.de\/wp-content\/uploads\/2025\/08\/IMG_2806-300x225.jpg 300w, https:\/\/kuna-sdg.de\/wp-content\/uploads\/2025\/08\/IMG_2806-768x576.jpg 768w, https:\/\/kuna-sdg.de\/wp-content\/uploads\/2025\/08\/IMG_2806-1536x1152.jpg 1536w, https:\/\/kuna-sdg.de\/wp-content\/uploads\/2025\/08\/IMG_2806.jpg 2016w\" sizes=\"auto, (max-width: 1024px) 100vw, 1024px\" \/><\/figure>\n<\/figure>\n","protected":false},"excerpt":{"rendered":"<p>Kooperationsprojekt von Public Foundation \u201eOur Voice\u201c, Biskek&nbsp; und KUNA e. V. Projektlaufzeit: Oktober-Dezember 2024 Empowerment f\u00fcr M\u00e4dchen mit besonderen Bed\u00fcrfnissen in Bishkek. Der gemeinn\u00fctzige Verein \u201eUnsere Stimme\u201c in Bischkek arbeitet im Bereich \u201eSoziale Arbeit\u201c und unterh\u00e4lt eine soziale Einrichtung mit Unterkunftsr\u00e4umen (Sozialny dom). Dort werden M\u00e4dchen und junge Frauen nach ihrer Entlassung aus dem Kinderheim [&hellip;]<\/p>\n","protected":false},"author":1,"featured_media":0,"parent":106,"menu_order":0,"comment_status":"closed","ping_status":"closed","template":"page-templates\/full-width.php","meta":{"footnotes":"","_links_to":"","_links_to_target":""},"class_list":["post-1400","page","type-page","status-publish","hentry"],"blocksy_meta":[],"_links":{"self":[{"href":"https:\/\/kuna-sdg.de\/index.php?rest_route=\/wp\/v2\/pages\/1400","targetHints":{"allow":["GET"]}}],"collection":[{"href":"https:\/\/kuna-sdg.de\/index.php?rest_route=\/wp\/v2\/pages"}],"about":[{"href":"https:\/\/kuna-sdg.de\/index.php?rest_route=\/wp\/v2\/types\/page"}],"author":[{"embeddable":true,"href":"https:\/\/kuna-sdg.de\/index.php?rest_route=\/wp\/v2\/users\/1"}],"replies":[{"embeddable":true,"href":"https:\/\/kuna-sdg.de\/index.php?rest_route=%2Fwp%2Fv2%2Fcomments&post=1400"}],"version-history":[{"count":59,"href":"https:\/\/kuna-sdg.de\/index.php?rest_route=\/wp\/v2\/pages\/1400\/revisions"}],"predecessor-version":[{"id":2418,"href":"https:\/\/kuna-sdg.de\/index.php?rest_route=\/wp\/v2\/pages\/1400\/revisions\/2418"}],"up":[{"embeddable":true,"href":"https:\/\/kuna-sdg.de\/index.php?rest_route=\/wp\/v2\/pages\/106"}],"wp:attachment":[{"href":"https:\/\/kuna-sdg.de\/index.php?rest_route=%2Fwp%2Fv2%2Fmedia&parent=1400"}],"curies":[{"name":"wp","href":"https:\/\/api.w.org\/{rel}","templated":true}]}}