{"id":147,"date":"2023-10-05T09:13:32","date_gmt":"2023-10-05T09:13:32","guid":{"rendered":"http:\/\/kuna-sdg.de\/?page_id=147"},"modified":"2026-04-13T14:37:24","modified_gmt":"2026-04-13T14:37:24","slug":"philisophie","status":"publish","type":"page","link":"https:\/\/kuna-sdg.de\/?page_id=147","title":{"rendered":"Philosophie"},"content":{"rendered":"\n<p style=\"font-size:clamp(14px, 0.875rem + ((1vw - 3.2px) * 0.313), 18px);\"><\/p>\n\n\n\n<figure class=\"wp-block-gallery has-nested-images columns-default is-cropped wp-block-gallery-1 is-layout-flex wp-block-gallery-is-layout-flex\"><\/figure>\n\n\n\n<p><\/p>\n\n\n\n<p style=\"font-size:clamp(14px, 0.875rem + ((1vw - 3.2px) * 0.313), 18px);\">KUNA e.V. positioniert sich im Feld nachhaltiger Entwicklung als Bildungs- und Kulturakteur mit einem klaren gesellschaftlichen Auftrag: Transformationsprozesse werden nicht allein durch Programme, Technik oder Regulierung m\u00f6glich, sondern durch Lern- und Entwicklungsprozesse, die Handlungskompetenz, Orientierung und Verantwortungsf\u00e4higkeit st\u00e4rken. Aus dieser Perspektive versteht der Verein nachhaltige Entwicklung als Zusammenspiel von Wissen, Haltung, Beziehungen und institutionellen Rahmenbedingungen.<\/p>\n\n\n\n<p style=\"font-size:clamp(14px, 0.875rem + ((1vw - 3.2px) * 0.313), 18px);\">Das Profil von KUNA e.V. ist durch die Verbindung von Erwachsenenbildung, kultureller Bildung und Bildung f\u00fcr nachhaltige Entwicklung gepr\u00e4gt. Diese Verbindung ist nicht additiv, sondern konzeptionell: Kulturelle Bildung er\u00f6ffnet Zug\u00e4nge zu Wahrnehmung, Ausdruck und Deutung; Erwachsenenbildung erm\u00f6glicht reflexive Lernprozesse, die an Lebens- und Berufserfahrungen ankn\u00fcpfen; Bildung f\u00fcr nachhaltige Entwicklung strukturiert gesellschaftliche Herausforderungen entlang von Zielkonflikten, Zukunftsfragen und Handlungsoptionen. KUNA e.V. nutzt diese Perspektiven, um Lernr\u00e4ume zu schaffen, die sowohl fachliche Inhalte als auch Orientierungs- und Entscheidungsf\u00e4higkeit adressieren. Die Arbeitsweise ist darauf ausgerichtet, komplexe Themen so zu bearbeiten, dass sie in Organisationen, Netzwerken und Communities wirksam werden k\u00f6nnen. Dazu geh\u00f6rt, dass KUNA e.V. nicht nur Formate umsetzt, sondern auch konzeptionell arbeitet: Themen werden eingeordnet, Zielgruppen pr\u00e4zise bestimmt, Wirkannahmen formuliert und geeignete didaktische Zug\u00e4nge ausgew\u00e4hlt. Der Verein verfolgt einen Ansatz, der die Anschlussf\u00e4higkeit an \u00f6ffentliche F\u00f6rderlogiken, institutionelle Anforderungen und Kooperationsstrukturen ausdr\u00fccklich ber\u00fccksichtigt.<\/p>\n\n\n\n<p style=\"font-size:clamp(14px, 0.875rem + ((1vw - 3.2px) * 0.313), 18px);\">Im Selbstverst\u00e4ndnis von KUNA e.V. spielt die Zusammenarbeit mit unterschiedlichen Akteuren eine zentrale Rolle. Kooperation wird nicht als reine Ressource f\u00fcr Umsetzung verstanden, sondern als Qualit\u00e4tsmerkmal: Perspektiven aus Verwaltung, Bildung, Kultur, Zivilgesellschaft und Forschung werden in die Entwicklung von Inhalten und Formaten einbezogen. Dadurch entstehen Angebote, die fachlich fundiert sind, reale Bedarfe adressieren und zugleich offen genug bleiben, um in unterschiedlichen Kontexten anschlussf\u00e4hig zu sein. Ein weiteres Profilmerkmal ist die Orientierung an langfristiger Wirkung. Nachhaltige Entwicklung verlangt Kontinuit\u00e4t: Themen m\u00fcssen wiederholt, vertieft und in Beziehung gesetzt werden. Der Verein schafft daf\u00fcr Strukturen, die \u00fcber einzelne Projektlaufzeiten hinausreichen, etwa durch wiederkehrende Formate, durch dokumentierte Erkenntnisse und durch Netzwerke, die weiterarbeiten k\u00f6nnen. So wird das Profil nicht allein \u00fcber einzelne Ma\u00dfnahmen definiert, sondern \u00fcber eine nachvollziehbare&nbsp;Arbeitslogik.<\/p>\n\n\n\n<p><\/p>\n","protected":false},"excerpt":{"rendered":"<p>KUNA e.V. positioniert sich im Feld nachhaltiger Entwicklung als Bildungs- und Kulturakteur mit einem klaren gesellschaftlichen Auftrag: Transformationsprozesse werden nicht allein durch Programme, Technik oder Regulierung m\u00f6glich, sondern durch Lern- und Entwicklungsprozesse, die Handlungskompetenz, Orientierung und Verantwortungsf\u00e4higkeit st\u00e4rken. Aus dieser Perspektive versteht der Verein nachhaltige Entwicklung als Zusammenspiel von Wissen, Haltung, Beziehungen und institutionellen Rahmenbedingungen. [&hellip;]<\/p>\n","protected":false},"author":1,"featured_media":0,"parent":32,"menu_order":0,"comment_status":"closed","ping_status":"closed","template":"","meta":{"footnotes":"","_links_to":"","_links_to_target":""},"class_list":["post-147","page","type-page","status-publish","hentry"],"blocksy_meta":[],"_links":{"self":[{"href":"https:\/\/kuna-sdg.de\/index.php?rest_route=\/wp\/v2\/pages\/147","targetHints":{"allow":["GET"]}}],"collection":[{"href":"https:\/\/kuna-sdg.de\/index.php?rest_route=\/wp\/v2\/pages"}],"about":[{"href":"https:\/\/kuna-sdg.de\/index.php?rest_route=\/wp\/v2\/types\/page"}],"author":[{"embeddable":true,"href":"https:\/\/kuna-sdg.de\/index.php?rest_route=\/wp\/v2\/users\/1"}],"replies":[{"embeddable":true,"href":"https:\/\/kuna-sdg.de\/index.php?rest_route=%2Fwp%2Fv2%2Fcomments&post=147"}],"version-history":[{"count":97,"href":"https:\/\/kuna-sdg.de\/index.php?rest_route=\/wp\/v2\/pages\/147\/revisions"}],"predecessor-version":[{"id":2548,"href":"https:\/\/kuna-sdg.de\/index.php?rest_route=\/wp\/v2\/pages\/147\/revisions\/2548"}],"up":[{"embeddable":true,"href":"https:\/\/kuna-sdg.de\/index.php?rest_route=\/wp\/v2\/pages\/32"}],"wp:attachment":[{"href":"https:\/\/kuna-sdg.de\/index.php?rest_route=%2Fwp%2Fv2%2Fmedia&parent=147"}],"curies":[{"name":"wp","href":"https:\/\/api.w.org\/{rel}","templated":true}]}}