{"id":168,"date":"2023-10-05T09:41:29","date_gmt":"2023-10-05T09:41:29","guid":{"rendered":"http:\/\/kuna-sdg.de\/?page_id=168"},"modified":"2023-11-14T10:24:23","modified_gmt":"2023-11-14T10:24:23","slug":"regionale-entwicklung","status":"publish","type":"page","link":"https:\/\/kuna-sdg.de\/?page_id=168","title":{"rendered":"Regionale Entwicklung"},"content":{"rendered":"\n<p><strong>Gemeinsam f\u00fcr Natur und Gesellschaft. Strategie der nachhaltigen regionalen Entwicklung zum Erreichen der SDG-Ziele der Vereinten Nationen in der Region Miory.<\/strong><\/p>\n\n\n\n<p><strong>Projektzeitraum:&nbsp; 2019-2022<\/strong><\/p>\n\n\n\n<p><\/p>\n\n\n\n<p>Nachhaltige Entwicklung auf regionaler und lokaler Ebene war f\u00fcr Belarus in den letzen Jahren eine Schl\u00fcsselpriorit\u00e4t. Die Partnerschaft zwischen lokalen Beh\u00f6rden und Organisationen der Zivilgesellschaft wird dazu beitragen, das regionale Potenzial zu erschlie\u00dfen und Impulse f\u00fcr seine weitere Entwicklung zu geben. Das Projekt sieht die Ausarbeitung der Strategie f\u00fcr nachhaltige Entwicklung (SDS) des Bezirks Miory vor. Der Schwerpunkt liegt auf der Entwicklung lokaler Gemeinschaftsinitiativen und -verantwortung, der Unterst\u00fctzung der biologischen und kulturellen Vielfalt sowie der Entwicklung der sozialen Infrastruktur und der gr\u00fcnen Wirtschaft. Es sind Sensibilisierungs- und Schulungsma\u00dfnahmen f\u00fcr lokale Beh\u00f6rden zu Fragen der lokalen Entwicklung geplant, die auf den EU-Erfahrungen basieren. Die Umsetzung des Projekts wird die aktive Beteiligung der Anwohner an den Bem\u00fchungen zur Erhaltung des einzigartigen nat\u00fcrlichen Potenzials des Miory-Bezirks erleichtern. Im Rahmen des Projekts wurde der Holzboden des \u00d6kopfads \u201eAzierauki-Yelnia\u201c erweitert und ein Campingplatz eingerichtet.<\/p>\n\n\n\n<p>          Im Rahmen der Umsetzung der Projektkomponente \u201eGesunder Lebensstil\u201c wurde in der Agrarstadt Jazna ein Fitnessbereich eingerichtet. In Miory wurde der Turnhallenboden der Stadt komplett erneuert und in der Sportanlage wurden drei R\u00e4nge f\u00fcr die Zuschauer installiert. Seit dem 1. September 2020 sind mehrere lokale Initiativen in der Umsetzung, zwei davon haben jeweils 60.000 Euro und acht davon jeweils 10.000 Euro f\u00fcr die Umsetzung ihrer Ideen erhalten. Die Ergebnisse der Initiativen werden bis Ende Sommer 2021 zusammengefasst. Die Strategie f\u00fcr nachhaltige Entwicklung des Bezirks Miory sowie die Leitlinien f\u00fcr die Entwicklung nachhaltiger Strategien und der Jugendstrategie f\u00fcr nachhaltige Entwicklung (die erste in Belarus ) sind fast fertiggestellt. Die Anwohner vor Ort einschlie\u00dflich der Jugendlichen nehmen aktiv an der Entwicklung der Strategien teil. Der \u00d6ffentliche Rat zur Entwicklung und Umsetzung der Strategie f\u00fcr nachhaltige Entwicklung des Bezirks Miory wurde Ende 2019 im Rahmen des Bezirksabgeordnetenrates gegr\u00fcndet \u2013 der erste Rat dieser Art in Wei\u00dfrussland.<\/p>\n\n\n\n<p>            Im zweiten Jahr des Projekts hat der Rat zehn Sitzungen abgehalten, in denen die lokalen Beh\u00f6rden und die Bewohner die relevanten Fragen der Bezirksentwicklung diskutierten, was eine breitere Beteiligung der lokalen Bewohner an der Regionalverwaltung erm\u00f6glichte. Dank einer Reihe von Workshops und Schulungen, die im Rahmen des Projekts durchgef\u00fchrt wurden, wurden 16 Personen bei der Nationalen Tourismusagentur akkreditiert, haben die Zertifikate von F\u00fchrern f\u00fcr den Yelnia-Sumpf erhalten und bieten nun Freizeitaktivit\u00e4ten f\u00fcr jeden Geschmack an. Touristen k\u00f6nnen jetzt einzigartige handgefertigte Souvenirs aus Wolle durch Filzen kaufen. Im Stadtpark \u201ePa\u016dvostra\u016d\u201c, in dem das j\u00e4hrliche \u00f6kologische Festival \u201e\u017doravy i \u017duraviny Miorskaha kraju\u201c (\u201eKraniche und Preiselbeeren des Miory-Landes\u201c) stattfindet, wurde renoviert: Der Fu\u00dfg\u00e4ngerweg wurde repariert, eine Tanzfl\u00e4che und ein Pavillon wurden gebaut , Kinderspielger\u00e4te und fackelartige Laternen wurden installiert usw.<\/p>\n\n\n\n<p>Ein gro\u00dfer Teil der Arbeit bezog sich auf die Verbesserung der Sichtbarkeit der Tourismusmarke des Bezirks. Im Park \u201ePa\u016dvostra\u016d\u201c wurde ein Kunstobjekt \u201eMiory 1514\u201c aufgestellt, es wurden neue B\u00e4nke und Abfallbeh\u00e4lter aufgestellt, die mit dem erkennbaren Miory-Land-Muster verziert waren. Solche B\u00e4nke wurden auch in den Stra\u00dfen von Miory und im Dzisna-Park aufgestellt.<\/p>\n\n\n\n<p>Im Rahmen des Projekts wurden Wandgem\u00e4lde geschaffen, die einem traditionellen \u201eMalavanka\u201c-Teppich \u00e4hneln. Sie sind mit lokalen Sehensw\u00fcrdigkeiten \u201egewebt\u201c, dem Portr\u00e4t von Jazep Drazdovi\u010d, dem gr\u00f6\u00dften in Belarus , sowie Graffiti, die von der einzigartigen Doppelwebtechnik inspiriert sind, und einem dekorierten Laden mit einem ikonischen Kranichmuster \u2013 all diese Kunstwerke erm\u00f6glichen es den Besuchern, mehr \u00fcber die Wahrzeichen der D\u00f6rfer Miory, Dzisna und Pierabroddzie zu erfahren.<\/p>\n\n\n<div id=\"grid-gallery-3-59265\" data-gg-id=\"3\" data-title=\"Mijory -2\" data-grid-type=\"0\" data-offset=\"5.3\" data-area-position=\"center\" data-icons=\"\" data-preloader=\"true\" data-width=\"215\" data-height=\"215\" data-padding=\"0\" data-quicksand=\"disabled\" data-quicksand-duration=\"1800\" data-popup-theme=\"theme_6\" data-popup-type=\"pretty-photo\" data-popup-image-text=\"data-description\" data-popup-widthsize=\"auto\" data-popup-heightsize=\"auto\" data-popup-i18n-words=\"{&quot;close&quot;:&quot;schlie\\u00dfen&quot;,&quot;next&quot;:&quot;n\\u00e4chste&quot;,&quot;previous&quot;:&quot;vorherige&quot;,&quot;start_slideshow&quot;:&quot;Starte Slideshow&quot;,&quot;stop_slideshow&quot;:&quot;Stoppe Slideshow&quot;,&quot;image&quot;:&quot;Bild&quot;,&quot;of&quot;:&quot;von&quot;,&quot;prev&quot;:&quot;vorherige&quot;,&quot;cExpand&quot;:&quot;Erweitere&quot;,&quot;cPrevious&quot;:&quot;Vorheriges&quot;,&quot;cNext&quot;:&quot;N\\u00e4chstes&quot;,&quot;cExpandStr&quot;:&quot;Erweitere Bild&quot;,&quot;cRotate&quot;:&quot;Rotate&quot;,&quot;cDetails&quot;:&quot;Details&quot;}\" data-popup-slideshow=\"false\" data-popup-slideshow-speed=\"2500\" data-popup-hoverstop=\"true\" data-popup-slideshow-auto=\"false\" data-popup-background=\"\" data-popup-transparency=\"30\" data-popup-disable-history=\"\" data-popup-disable-changed-url=\"\" data-popup-border-type=\"\" data-popup-border-color=\"\" data-popup-border-width=\"\" data-popup-border-enable=\"\" data-fullscreen=\"false\" data-hide-tooltip=\"false\" data-caption-font-family=\"Default\" data-caption-text-size=\"140\" data-is-mobile=\"0\" data-caption-mobile=\"false\" data-hide-long-tltp-title=\"0\" data-caption-disabled-on-mobile=\"false\" data-popup-placement-type=\"0\" data-social-sharing=\"{&quot;enabled&quot;:&quot;&quot;,&quot;gallerySharing&quot;:{&quot;enabled&quot;:null,&quot;position&quot;:null},&quot;imageSharing&quot;:{&quot;enabled&quot;:null,&quot;wrapperClass&quot;:&quot; vertical &quot;},&quot;popupSharing&quot;:{&quot;enabled&quot;:null,&quot;wrapperClass&quot;:&quot; vertical &quot;}}\" class=\"grid-gallery grid-gallery-fixed \" style=\" width:100%; height:auto; margin-left:auto; margin-right:auto;position:relative;\"> <div class=\"gallery-loading\"> <div class=\"blocks\"> <div class=\"block\"><\/div> <div class=\"block\"><\/div> <div class=\"block\"><\/div> <div class=\"block\"><\/div> <\/div> <\/div> <div class=\"gallery-sharing-top\" style=\"display:none;\"> <\/div> <div id=\"photos-3\" class=\"grid-gallery-photos\"><FIGURE class=\"grid-gallery-caption\" data-grid-gallery-type=\"quarter-slide-up\" data-index=\"0\" style=\"display:none;border-radius:00;; margin:5.3px; width:2150;\" ><div class=\"crop\" style=\" width:2150; height:2150; overflow:hidden;\"><img decoding=\"async\" src=\"http:\/\/kuna-sdg.de\/wp-content\/uploads\/2023\/11\/B-215x215.jpg\" class=\"ggImg\" alt=\"B\" title=\"B\" data-description=\"B\" data-caption=\"B\" data-title=\"B\" style=\" width:215px; height:215px;\" \/><\/div><FIGCAPTION class=\"\" data-alpha=\"5\" style=\"color:#ffffff; background-color:#6f0000; font-size:140; text-align:2; font-family:Default;\" ><div class=\"grid-gallery-figcaption-wrap\" style=\"\"><\/div><\/FIGCAPTION><\/FIGURE><FIGURE class=\"grid-gallery-caption\" data-grid-gallery-type=\"quarter-slide-up\" data-index=\"1\" style=\"display:none;border-radius:00;; margin:5.3px; width:2150;\" ><div class=\"crop\" style=\" width:2150; height:2150; overflow:hidden;\"><img decoding=\"async\" src=\"http:\/\/kuna-sdg.de\/wp-content\/uploads\/2023\/11\/C-215x215.jpg\" class=\"ggImg\" alt=\"C\" title=\"C\" data-description=\"C\" data-caption=\"C\" data-title=\"C\" style=\" width:215px; height:215px;\" \/><\/div><FIGCAPTION class=\"\" data-alpha=\"5\" style=\"color:#ffffff; background-color:#6f0000; font-size:140; text-align:2; font-family:Default;\" ><div class=\"grid-gallery-figcaption-wrap\" style=\"\"><\/div><\/FIGCAPTION><\/FIGURE><FIGURE class=\"grid-gallery-caption\" data-grid-gallery-type=\"quarter-slide-up\" data-index=\"2\" style=\"display:none;border-radius:00;; margin:5.3px; width:2150;\" ><div class=\"crop\" style=\" width:2150; height:2150; overflow:hidden;\"><img decoding=\"async\" src=\"http:\/\/kuna-sdg.de\/wp-content\/uploads\/2023\/11\/E-215x215.jpg\" class=\"ggImg\" alt=\"E\" title=\"E\" data-description=\"E\" data-caption=\"E\" data-title=\"E\" style=\" width:215px; height:215px;\" \/><\/div><FIGCAPTION class=\"\" data-alpha=\"5\" style=\"color:#ffffff; background-color:#6f0000; font-size:140; text-align:2; font-family:Default;\" ><div class=\"grid-gallery-figcaption-wrap\" style=\"\"><\/div><\/FIGCAPTION><\/FIGURE><FIGURE class=\"grid-gallery-caption\" data-grid-gallery-type=\"quarter-slide-up\" data-index=\"3\" style=\"display:none;border-radius:00;; margin:5.3px; width:2150;\" ><div class=\"crop\" style=\" width:2150; height:2150; overflow:hidden;\"><img decoding=\"async\" src=\"http:\/\/kuna-sdg.de\/wp-content\/uploads\/2023\/11\/Zastavka-215x215.jpg\" class=\"ggImg\" alt=\"Zastavka\" title=\"Zastavka\" data-description=\"Zastavka\" data-caption=\"Zastavka\" data-title=\"Zastavka\" style=\" width:215px; height:215px;\" \/><\/div><FIGCAPTION class=\"\" data-alpha=\"5\" style=\"color:#ffffff; background-color:#6f0000; font-size:140; text-align:2; font-family:Default;\" ><div class=\"grid-gallery-figcaption-wrap\" style=\"\"><\/div><\/FIGCAPTION><\/FIGURE> <div class=\"grid-gallery-clearfix\"><\/div> <\/div> <div class=\"gallery-sharing-bottom\" style=\"display:none;\"> <\/div> <div class=\"gallery-sharing-image\" style=\"display:none;\"> <\/div> <div class=\"gallery-sharing-popup\" style=\"display:none;\"> <\/div> <div class=\"grid-gallery-clearfix\"><\/div> <\/div> <!-- Gallery by Supsystic plugin1.16.0 --><a title=\"Wordpress Photo Gallery\" style=\"display:none;\" href=\"https:\/\/supsystic.com\/plugins\/photo-gallery\/?utm_medium=love_link\" target=\"_blank\">Wordpress Photo Gallery<\/a>\n\n\n\n<p class=\"has-text-align-center\"><strong>Projekt wurde durch die Europ\u00e4ische Union gef\u00f6rdert<\/strong><\/p>\n\n\n\n<p class=\"has-text-align-center\"><img loading=\"lazy\" decoding=\"async\" src=\"https:\/\/lh7-us.googleusercontent.com\/Dkp-AS3ZpM3FhgKlSMW9PGdX73tVlUrdE_AvcPZ2KMt3icMSJFKltwt5eMilH2eFFJRKOs8BqqJT0GIgEye-yTcSMtEclVXizZgDFRdYXXNfWqiLYWkKWRXrnrc5OvCJ5-eINWiMLiU1VaVslp1Alw\" width=\"602\" height=\"101\"><\/p>\n","protected":false},"excerpt":{"rendered":"<p>Gemeinsam f\u00fcr Natur und Gesellschaft. Strategie der nachhaltigen regionalen Entwicklung zum Erreichen der SDG-Ziele der Vereinten Nationen in der Region Miory. Projektzeitraum:&nbsp; 2019-2022 Nachhaltige Entwicklung auf regionaler und lokaler Ebene war f\u00fcr Belarus in den letzen Jahren eine Schl\u00fcsselpriorit\u00e4t. Die Partnerschaft zwischen lokalen Beh\u00f6rden und Organisationen der Zivilgesellschaft wird dazu beitragen, das regionale Potenzial zu [&hellip;]<\/p>\n","protected":false},"author":1,"featured_media":0,"parent":106,"menu_order":0,"comment_status":"closed","ping_status":"closed","template":"page-templates\/full-width.php","meta":{"footnotes":"","_links_to":"","_links_to_target":""},"class_list":["post-168","page","type-page","status-publish","hentry"],"blocksy_meta":[],"_links":{"self":[{"href":"https:\/\/kuna-sdg.de\/index.php?rest_route=\/wp\/v2\/pages\/168","targetHints":{"allow":["GET"]}}],"collection":[{"href":"https:\/\/kuna-sdg.de\/index.php?rest_route=\/wp\/v2\/pages"}],"about":[{"href":"https:\/\/kuna-sdg.de\/index.php?rest_route=\/wp\/v2\/types\/page"}],"author":[{"embeddable":true,"href":"https:\/\/kuna-sdg.de\/index.php?rest_route=\/wp\/v2\/users\/1"}],"replies":[{"embeddable":true,"href":"https:\/\/kuna-sdg.de\/index.php?rest_route=%2Fwp%2Fv2%2Fcomments&post=168"}],"version-history":[{"count":19,"href":"https:\/\/kuna-sdg.de\/index.php?rest_route=\/wp\/v2\/pages\/168\/revisions"}],"predecessor-version":[{"id":556,"href":"https:\/\/kuna-sdg.de\/index.php?rest_route=\/wp\/v2\/pages\/168\/revisions\/556"}],"up":[{"embeddable":true,"href":"https:\/\/kuna-sdg.de\/index.php?rest_route=\/wp\/v2\/pages\/106"}],"wp:attachment":[{"href":"https:\/\/kuna-sdg.de\/index.php?rest_route=%2Fwp%2Fv2%2Fmedia&parent=168"}],"curies":[{"name":"wp","href":"https:\/\/api.w.org\/{rel}","templated":true}]}}