{"id":1854,"date":"2025-08-06T10:26:17","date_gmt":"2025-08-06T10:26:17","guid":{"rendered":"https:\/\/kuna-sdg.de\/?page_id=1854"},"modified":"2025-08-06T12:12:53","modified_gmt":"2025-08-06T12:12:53","slug":"kuna-hub","status":"publish","type":"page","link":"https:\/\/kuna-sdg.de\/?page_id=1854","title":{"rendered":"KUNA e.V. und IDG."},"content":{"rendered":"\n<div class=\"wp-block-columns is-layout-flex wp-container-core-columns-is-layout-28f84493 wp-block-columns-is-layout-flex\">\n<div class=\"wp-block-column is-layout-flow wp-block-column-is-layout-flow\" style=\"flex-basis:100%\">\n<div class=\"wp-block-columns is-layout-flex wp-container-core-columns-is-layout-28f84493 wp-block-columns-is-layout-flex\">\n<div class=\"wp-block-column is-layout-flow wp-block-column-is-layout-flow\" style=\"flex-basis:66.66%\">\n<div style=\"height:65px\" aria-hidden=\"true\" class=\"wp-block-spacer\"><\/div>\n\n\n\n<h3 class=\"wp-block-heading\">KUNA e.V. ist offizieller Projekt-Hub im Netzwerk der Inner Development Goals.<\/h3>\n\n\n\n<div style=\"height:38px\" aria-hidden=\"true\" class=\"wp-block-spacer\"><\/div>\n\n\n\n<p style=\"font-size:clamp(14px, 0.875rem + ((1vw - 3.2px) * 0.313), 18px);\">Wir freuen uns bekannt zu geben, dass die <strong>KUNA e.V.<\/strong> als offizieller <strong>Projekt\u2011Hub<\/strong> in der internationalen Initiative <strong>Inner Development Goals (IDG)<\/strong> anerkannt ist.<\/p>\n<\/div>\n\n\n\n<div class=\"wp-block-column is-layout-flow wp-block-column-is-layout-flow\" style=\"flex-basis:33.33%\">\n<figure class=\"wp-block-image size-full\"><img decoding=\"async\" src=\"https:\/\/kuna-sdg.de\/wp-content\/uploads\/2025\/08\/IDG-2-e1754481540747.png\" alt=\"\" class=\"wp-image-1869\"\/><\/figure>\n<\/div>\n<\/div>\n<\/div>\n<\/div>\n\n\n\n<h3 class=\"wp-block-heading\">Was bedeutet das?<\/h3>\n\n\n\n<p style=\"font-size:clamp(14px, 0.875rem + ((1vw - 3.2px) * 0.156), 16px);\">Die Inner Development Goals (<strong>IDG<\/strong>) sind eine globale Initiative zur F\u00f6rderung innerer Kompetenzen, die notwendig sind, um die 17 Ziele f\u00fcr nachhaltige Entwicklung der Vereinten Nationen (<strong>SDGs<\/strong>) erfolgreich umzusetzen. Im Fokus stehen dabei F\u00e4higkeiten wie Resilienz, Achtsamkeit, Empathie, Kreativit\u00e4t und die F\u00e4higkeit zur Zusammenarbeit.<\/p>\n\n\n\n<p style=\"font-size:clamp(14px, 0.875rem + ((1vw - 3.2px) * 0.156), 16px);\">Als <strong>Projekt-Hub<\/strong> engagiert sich KUNA e.V. daf\u00fcr:<\/p>\n\n\n\n<ul class=\"wp-block-list\">\n<li class=\"has-black-color has-text-color has-link-color wp-elements-f17f5a2c6a505f0b2c4f48bbb4b321e1\" style=\"font-size:clamp(14px, 0.875rem + ((1vw - 3.2px) * 0.156), 16px);\">das IDG-Framework in Deutschland bekannter zu machen,<\/li>\n\n\n\n<li class=\"has-black-color has-text-color has-link-color wp-elements-998a1d82830079e3839ac3c758295ca4\" style=\"font-size:clamp(14px, 0.875rem + ((1vw - 3.2px) * 0.156), 16px);\">IDG-Elemente in Bildungs- und Kulturprojekte zu integrieren,<\/li>\n\n\n\n<li class=\"has-black-color has-text-color has-link-color wp-elements-8595f702bc8941a8f951ca471b64373f\" style=\"font-size:clamp(14px, 0.875rem + ((1vw - 3.2px) * 0.156), 16px);\">lokale und internationale Akteur*innen zu vernetzen, um <strong>innere Entwicklung als Basis f\u00fcr \u00e4u\u00dferen Wandel<\/strong> zu f\u00f6rdern.<\/li>\n<\/ul>\n\n\n\n<h3 class=\"wp-block-heading\">Synergien zwischen IDG und SDG in unseren Projekten<\/h3>\n\n\n\n<p style=\"font-size:clamp(14px, 0.875rem + ((1vw - 3.2px) * 0.156), 16px);\">Unsere Arbeit verbindet innere Entwicklung mit gesellschaftlicher Transformation \u2013 sei es in Jugendprojekten, kulturellen Programmen oder in der F\u00f6rderung nachhaltiger l\u00e4ndlicher R\u00e4ume.<br>Ein Beispiel daf\u00fcr ist das Projekt <em>ARTWOMCULTURE<\/em>, das Frauen in l\u00e4ndlichen Regionen st\u00e4rkt, ihre Teilhabe f\u00f6rdert und nachhaltige Entwicklung auf lokaler Ebene unterst\u00fctzt.<\/p>\n\n\n\n<hr class=\"wp-block-separator has-alpha-channel-opacity\"\/>\n\n\n\n<p style=\"font-size:clamp(14px, 0.875rem + ((1vw - 3.2px) * 0.156), 16px);\">KUNA e.V. ist stolz darauf, Teil des Netzwerks der<strong> <\/strong>IDG Hubs &amp; Networks zu sein. Wir freuen uns auf die Zusammenarbeit mit weiteren Partnern, die \u00e4hnliche Werte und Ziele teilen.<\/p>\n\n\n\n<p>\ud83d\udd17 Mehr zur IDG-Initiative: <a class=\"\" href=\"https:\/\/innerdevelopmentgoals.org\/get-involved\/hubs-networks\/\">innerdevelopmentgoals.org<\/a><br>\ud83d\udd17 Mehr zu unseren Projekten: <a class=\"\" href=\"https:\/\/kuna-sdg.de\/\">kuna-sdg.de<\/a><\/p>\n","protected":false},"excerpt":{"rendered":"<p>KUNA e.V. ist offizieller Projekt-Hub im Netzwerk der Inner Development Goals. Wir freuen uns bekannt zu geben, dass die KUNA e.V. als offizieller Projekt\u2011Hub in der internationalen Initiative Inner Development Goals (IDG) anerkannt ist. Was bedeutet das? Die Inner Development Goals (IDG) sind eine globale Initiative zur F\u00f6rderung innerer Kompetenzen, die notwendig sind, um die [&hellip;]<\/p>\n","protected":false},"author":1,"featured_media":0,"parent":0,"menu_order":0,"comment_status":"closed","ping_status":"closed","template":"page-templates\/full-width.php","meta":{"footnotes":"","_links_to":"","_links_to_target":""},"class_list":["post-1854","page","type-page","status-publish","hentry"],"blocksy_meta":[],"_links":{"self":[{"href":"https:\/\/kuna-sdg.de\/index.php?rest_route=\/wp\/v2\/pages\/1854","targetHints":{"allow":["GET"]}}],"collection":[{"href":"https:\/\/kuna-sdg.de\/index.php?rest_route=\/wp\/v2\/pages"}],"about":[{"href":"https:\/\/kuna-sdg.de\/index.php?rest_route=\/wp\/v2\/types\/page"}],"author":[{"embeddable":true,"href":"https:\/\/kuna-sdg.de\/index.php?rest_route=\/wp\/v2\/users\/1"}],"replies":[{"embeddable":true,"href":"https:\/\/kuna-sdg.de\/index.php?rest_route=%2Fwp%2Fv2%2Fcomments&post=1854"}],"version-history":[{"count":32,"href":"https:\/\/kuna-sdg.de\/index.php?rest_route=\/wp\/v2\/pages\/1854\/revisions"}],"predecessor-version":[{"id":1892,"href":"https:\/\/kuna-sdg.de\/index.php?rest_route=\/wp\/v2\/pages\/1854\/revisions\/1892"}],"wp:attachment":[{"href":"https:\/\/kuna-sdg.de\/index.php?rest_route=%2Fwp%2Fv2%2Fmedia&parent=1854"}],"curies":[{"name":"wp","href":"https:\/\/api.w.org\/{rel}","templated":true}]}}