{"id":230,"date":"2023-10-19T08:05:06","date_gmt":"2023-10-19T08:05:06","guid":{"rendered":"http:\/\/kuna-sdg.de\/?page_id=230"},"modified":"2026-02-27T13:19:54","modified_gmt":"2026-02-27T13:19:54","slug":"artwomculture","status":"publish","type":"page","link":"https:\/\/kuna-sdg.de\/?page_id=230","title":{"rendered":"Artwomculture"},"content":{"rendered":"\n<p><strong>Beim&nbsp;<\/strong><strong>ARTWOMCULTURE geht<\/strong><strong>&nbsp;es darum, Frauen verschiedener Kulturen in kreativer Arbeit zusammenzubringen,&nbsp;<\/strong><strong>ihnen Wege&nbsp;<\/strong><strong>aufzuzeigen, wi<\/strong><strong>e sie<\/strong><strong>&nbsp;Erfahrungen durch Kunst schaffen, verarbeiten und einfach das Gemeinschaftsgef\u00fchl st\u00e4rken k<\/strong><strong>\u00f6nnen<\/strong><strong>.<\/strong><\/p>\n\n\n\n<p><strong>Projektzeitraum:&nbsp; 2018-2024<\/strong><\/p>\n\n\n\n<p>Frauen verstehen sich oft als Verbindungsmitglied zwischen der Familie, dem Freundeskreis und dem gesellschaftlichen Leben, sie unterhalten Netzwerke und arbeiten nicht selten im Hintergrund. Das Ziel des Projektes ist es, die Pers\u00f6nlichkeit jeder Frau, ihre emotionalen Erlebnisse in ihren Kunstwerken der \u00d6ffentlichkeit zu pr\u00e4sentieren und damit zu zeigen, dass Kunst ein Sprachrohr f\u00fcr alle sein kann. Eine besondere Zielgruppe wird mit dem Projekt erreicht: gefl\u00fcchtete ukrainische Frauen, die im Projekt ihre Fluchterlebnisse mit Hilfe der kunstpsychologischen Begleitung verarbeiten. Die Integration in die Aufnahmegesellschaft wird durch gemeinsame Arbeit an Kunstwerken verst\u00e4rkt. Die erlernten Methoden des Empowerments und das Wissen \u00fcber die Strukturen des kulturellen Lebens vor Ort werden von den Teilnehmerinnen in ihrer famili\u00e4ren Umgebung weitergegeben.<\/p>\n\n\n\n<p>Insbesondere sind die Frauen aus anderen Kulturen zur\u00fcckhaltend, wenn es darum geht, mit einer sicheren Selbstverst\u00e4ndlichkeit ihre F\u00e4higkeiten und Talente in der fremden \u00d6ffentlichkeit zu behaupten. Viele Frauen mit Migrationshintergrund trauen sich deswegen nicht, sich einer neuen Herausforderung anzunehmen, sei es ein Job, Ausbildung oder einfach die Best\u00e4tigung ihrer Zeugnisse. Die Ma\u00dfnahmen des Projektes st\u00e4rken das Selbstbewusstsein der Frauen und helfen ihnen bei der Entscheidung, ihre Talente f\u00fcr eine Ausbildung, einen Beruf oder ein Ehrenamt zu finden.<\/p>\n\n\n<div id=\"grid-gallery-1-28138\" data-gg-id=\"1\" data-title=\"Artwomculture-1\" data-grid-type=\"0\" data-offset=\"5.3\" data-area-position=\"center\" data-icons=\"\" data-preloader=\"true\" data-width=\"215\" data-height=\"215\" data-padding=\"0\" data-quicksand=\"disabled\" data-quicksand-duration=\"none\" data-popup-theme=\"theme_6\" data-popup-type=\"pretty-photo\" data-popup-image-text=\"data-description\" data-popup-widthsize=\"auto\" data-popup-heightsize=\"auto\" data-popup-i18n-words=\"{&quot;close&quot;:&quot;schlie\\u00dfen&quot;,&quot;next&quot;:&quot;n\\u00e4chste&quot;,&quot;previous&quot;:&quot;vorherige&quot;,&quot;start_slideshow&quot;:&quot;Starte Slideshow&quot;,&quot;stop_slideshow&quot;:&quot;Stoppe Slideshow&quot;,&quot;image&quot;:&quot;Bild&quot;,&quot;of&quot;:&quot;von&quot;,&quot;prev&quot;:&quot;vorherige&quot;,&quot;cExpand&quot;:&quot;Erweitere&quot;,&quot;cPrevious&quot;:&quot;Vorheriges&quot;,&quot;cNext&quot;:&quot;N\\u00e4chstes&quot;,&quot;cExpandStr&quot;:&quot;Erweitere Bild&quot;,&quot;cRotate&quot;:&quot;Rotate&quot;,&quot;cDetails&quot;:&quot;Details&quot;}\" data-popup-slideshow=\"false\" data-popup-slideshow-speed=\"2500\" data-popup-hoverstop=\"true\" data-popup-slideshow-auto=\"false\" data-popup-background=\"\" data-popup-transparency=\"30\" data-popup-disable-history=\"\" data-popup-disable-changed-url=\"\" data-popup-border-type=\"solid\" data-popup-border-color=\"\" data-popup-border-width=\"\" data-popup-border-enable=\"\" data-fullscreen=\"false\" data-hide-tooltip=\"false\" data-caption-font-family=\"Default\" data-caption-text-size=\"140\" data-is-mobile=\"0\" data-caption-mobile=\"false\" data-hide-long-tltp-title=\"0\" data-caption-disabled-on-mobile=\"false\" data-popup-placement-type=\"0\" data-social-sharing=\"{&quot;enabled&quot;:&quot;&quot;,&quot;gallerySharing&quot;:{&quot;enabled&quot;:null,&quot;position&quot;:null},&quot;imageSharing&quot;:{&quot;enabled&quot;:null,&quot;wrapperClass&quot;:&quot; vertical &quot;},&quot;popupSharing&quot;:{&quot;enabled&quot;:null,&quot;wrapperClass&quot;:&quot; vertical &quot;}}\" class=\"grid-gallery grid-gallery-fixed \" style=\" width:100%; height:auto; margin-left:auto; margin-right:auto;position:relative;\"> <div class=\"gallery-loading\"> <div class=\"blocks\"> <div class=\"block\"><\/div> <div class=\"block\"><\/div> <div class=\"block\"><\/div> <div class=\"block\"><\/div> <\/div> <\/div> <div class=\"gallery-sharing-top\" style=\"display:none;\"> <\/div> <div id=\"photos-1\" class=\"grid-gallery-photos\"><FIGURE class=\"grid-gallery-caption\" data-grid-gallery-type=\"quarter-two-step\" data-index=\"0\" style=\"display:none;border-radius:200;; margin:5.3px; width:2150;\" ><div class=\"crop\" style=\" width:2150; height:2150; overflow:hidden;\"><img decoding=\"async\" src=\"http:\/\/kuna-sdg.de\/wp-content\/uploads\/2023\/11\/IMG-20231103-WA0011-215x215.jpg\" class=\"ggImg\" alt=\"IMG-20231103-WA0011\" title=\"IMG-20231103-WA0011\" data-description=\"IMG-20231103-WA0011\" data-caption=\"IMG-20231103-WA0011\" data-title=\"IMG-20231103-WA0011\" style=\" width:215px; height:215px;\" \/><\/div><FIGCAPTION class=\"\" data-alpha=\"5\" style=\"color:#ffffff; background-color:#0c0000; font-size:140; text-align:left; font-family:Default;\" ><div class=\"grid-gallery-figcaption-wrap\" style=\"\"><\/div><\/FIGCAPTION><\/FIGURE><FIGURE class=\"grid-gallery-caption\" data-grid-gallery-type=\"quarter-two-step\" data-index=\"1\" style=\"display:none;border-radius:200;; margin:5.3px; width:2150;\" ><div class=\"crop\" style=\" width:2150; height:2150; overflow:hidden;\"><img decoding=\"async\" src=\"http:\/\/kuna-sdg.de\/wp-content\/uploads\/2023\/11\/IMG-20231103-WA0012-215x215.jpg\" class=\"ggImg\" alt=\"IMG-20231103-WA0012\" title=\"IMG-20231103-WA0012\" data-description=\"IMG-20231103-WA0012\" data-caption=\"IMG-20231103-WA0012\" data-title=\"IMG-20231103-WA0012\" style=\" width:215px; height:215px;\" \/><\/div><FIGCAPTION class=\"\" data-alpha=\"5\" style=\"color:#ffffff; background-color:#0c0000; font-size:140; text-align:left; font-family:Default;\" ><div class=\"grid-gallery-figcaption-wrap\" style=\"\"><\/div><\/FIGCAPTION><\/FIGURE><FIGURE class=\"grid-gallery-caption\" data-grid-gallery-type=\"quarter-two-step\" data-index=\"2\" style=\"display:none;border-radius:200;; margin:5.3px; width:2150;\" ><div class=\"crop\" style=\" width:2150; height:2150; overflow:hidden;\"><img decoding=\"async\" src=\"http:\/\/kuna-sdg.de\/wp-content\/uploads\/2023\/11\/IMG-20231103-WA0013-215x215.jpg\" class=\"ggImg\" alt=\"IMG-20231103-WA0013\" title=\"IMG-20231103-WA0013\" data-description=\"IMG-20231103-WA0013\" data-caption=\"IMG-20231103-WA0013\" data-title=\"IMG-20231103-WA0013\" style=\" width:215px; height:215px;\" \/><\/div><FIGCAPTION class=\"\" data-alpha=\"5\" style=\"color:#ffffff; background-color:#0c0000; font-size:140; text-align:left; font-family:Default;\" ><div class=\"grid-gallery-figcaption-wrap\" style=\"\"><\/div><\/FIGCAPTION><\/FIGURE><FIGURE class=\"grid-gallery-caption\" data-grid-gallery-type=\"quarter-two-step\" data-index=\"3\" style=\"display:none;border-radius:200;; margin:5.3px; width:2150;\" ><div class=\"crop\" style=\" width:2150; height:2150; overflow:hidden;\"><img decoding=\"async\" src=\"http:\/\/kuna-sdg.de\/wp-content\/uploads\/2023\/11\/IMG-20231103-WA0014-215x215.jpg\" class=\"ggImg\" alt=\"IMG-20231103-WA0014\" title=\"IMG-20231103-WA0014\" data-description=\"IMG-20231103-WA0014\" data-caption=\"IMG-20231103-WA0014\" data-title=\"IMG-20231103-WA0014\" style=\" width:215px; height:215px;\" \/><\/div><FIGCAPTION class=\"\" data-alpha=\"5\" style=\"color:#ffffff; background-color:#0c0000; font-size:140; text-align:left; font-family:Default;\" ><div class=\"grid-gallery-figcaption-wrap\" style=\"\"><\/div><\/FIGCAPTION><\/FIGURE><FIGURE class=\"grid-gallery-caption\" data-grid-gallery-type=\"quarter-two-step\" data-index=\"4\" style=\"display:none;border-radius:200;; margin:5.3px; width:2150;\" ><div class=\"crop\" style=\" width:2150; height:2150; overflow:hidden;\"><img decoding=\"async\" src=\"http:\/\/kuna-sdg.de\/wp-content\/uploads\/2023\/11\/IMG-20231103-WA0009-215x215.jpg\" class=\"ggImg\" alt=\"IMG-20231103-WA0009\" title=\"IMG-20231103-WA0009\" data-description=\"IMG-20231103-WA0009\" data-caption=\"IMG-20231103-WA0009\" data-title=\"IMG-20231103-WA0009\" style=\" width:215px; height:215px;\" \/><\/div><FIGCAPTION class=\"\" data-alpha=\"5\" style=\"color:#ffffff; background-color:#0c0000; font-size:140; text-align:left; font-family:Default;\" ><div class=\"grid-gallery-figcaption-wrap\" style=\"\"><\/div><\/FIGCAPTION><\/FIGURE><FIGURE class=\"grid-gallery-caption\" data-grid-gallery-type=\"quarter-two-step\" data-index=\"5\" style=\"display:none;border-radius:200;; margin:5.3px; width:2150;\" ><div class=\"crop\" style=\" width:2150; height:2150; overflow:hidden;\"><img decoding=\"async\" src=\"http:\/\/kuna-sdg.de\/wp-content\/uploads\/2023\/11\/IMG-20231103-WA0010-215x215.jpg\" class=\"ggImg\" alt=\"IMG-20231103-WA0010\" title=\"IMG-20231103-WA0010\" data-description=\"IMG-20231103-WA0010\" data-caption=\"IMG-20231103-WA0010\" data-title=\"IMG-20231103-WA0010\" style=\" width:215px; height:215px;\" \/><\/div><FIGCAPTION class=\"\" data-alpha=\"5\" style=\"color:#ffffff; background-color:#0c0000; font-size:140; text-align:left; font-family:Default;\" ><div class=\"grid-gallery-figcaption-wrap\" style=\"\"><\/div><\/FIGCAPTION><\/FIGURE><FIGURE class=\"grid-gallery-caption\" data-grid-gallery-type=\"quarter-two-step\" data-index=\"6\" style=\"display:none;border-radius:200;; margin:5.3px; width:2150;\" ><div class=\"crop\" style=\" width:2150; height:2150; overflow:hidden;\"><img decoding=\"async\" src=\"http:\/\/kuna-sdg.de\/wp-content\/uploads\/2023\/11\/IMG-20231103-WA0008-215x215.jpg\" class=\"ggImg\" alt=\"IMG-20231103-WA0008\" title=\"IMG-20231103-WA0008\" data-description=\"IMG-20231103-WA0008\" data-caption=\"IMG-20231103-WA0008\" data-title=\"IMG-20231103-WA0008\" style=\" width:215px; height:215px;\" \/><\/div><FIGCAPTION class=\"\" data-alpha=\"5\" style=\"color:#ffffff; background-color:#0c0000; font-size:140; text-align:left; font-family:Default;\" ><div class=\"grid-gallery-figcaption-wrap\" style=\"\"><\/div><\/FIGCAPTION><\/FIGURE><FIGURE class=\"grid-gallery-caption\" data-grid-gallery-type=\"quarter-two-step\" data-index=\"7\" style=\"display:none;border-radius:200;; margin:5.3px; width:2150;\" ><div class=\"crop\" style=\" width:2150; height:2150; overflow:hidden;\"><img decoding=\"async\" src=\"http:\/\/kuna-sdg.de\/wp-content\/uploads\/2023\/11\/IMG-20231103-WA0007-215x215.jpg\" class=\"ggImg\" alt=\"IMG-20231103-WA0007\" title=\"IMG-20231103-WA0007\" data-description=\"IMG-20231103-WA0007\" data-caption=\"IMG-20231103-WA0007\" data-title=\"IMG-20231103-WA0007\" style=\" width:215px; height:215px;\" \/><\/div><FIGCAPTION class=\"\" data-alpha=\"5\" style=\"color:#ffffff; background-color:#0c0000; font-size:140; text-align:left; font-family:Default;\" ><div class=\"grid-gallery-figcaption-wrap\" style=\"\"><\/div><\/FIGCAPTION><\/FIGURE><FIGURE class=\"grid-gallery-caption\" data-grid-gallery-type=\"quarter-two-step\" data-index=\"8\" style=\"display:none;border-radius:200;; margin:5.3px; width:2150;\" ><div class=\"crop\" style=\" width:2150; height:2150; overflow:hidden;\"><img decoding=\"async\" src=\"http:\/\/kuna-sdg.de\/wp-content\/uploads\/2023\/11\/\u0420\u0438\u0441\u0443\u043d\u043e\u043a1-1-215x215.jpg\" class=\"ggImg\" alt=\"\u0420\u0438\u0441\u0443\u043d\u043e\u043a1\" title=\"\u0420\u0438\u0441\u0443\u043d\u043e\u043a1\" data-description=\"\u0420\u0438\u0441\u0443\u043d\u043e\u043a1\" data-caption=\"\u0420\u0438\u0441\u0443\u043d\u043e\u043a1\" data-title=\"\u0420\u0438\u0441\u0443\u043d\u043e\u043a1\" style=\" width:215px; height:215px;\" \/><\/div><FIGCAPTION class=\"\" data-alpha=\"5\" style=\"color:#ffffff; background-color:#0c0000; font-size:140; text-align:left; font-family:Default;\" ><div class=\"grid-gallery-figcaption-wrap\" style=\"\"><\/div><\/FIGCAPTION><\/FIGURE><FIGURE class=\"grid-gallery-caption\" data-grid-gallery-type=\"quarter-two-step\" data-index=\"9\" style=\"display:none;border-radius:200;; margin:5.3px; width:2150;\" ><div class=\"crop\" style=\" width:2150; height:2150; overflow:hidden;\"><img decoding=\"async\" src=\"http:\/\/kuna-sdg.de\/wp-content\/uploads\/2023\/11\/Logo-artwom-culture-215x215.jpg\" class=\"ggImg\" alt=\"Logo artwom culture\" title=\"Logo artwom culture\" data-description=\"Logo artwom culture\" data-caption=\"Logo artwom culture\" data-title=\"Logo artwom culture\" style=\" width:215px; height:215px;\" \/><\/div><FIGCAPTION class=\"\" data-alpha=\"5\" style=\"color:#ffffff; background-color:#0c0000; font-size:140; text-align:left; font-family:Default;\" ><div class=\"grid-gallery-figcaption-wrap\" style=\"\"><\/div><\/FIGCAPTION><\/FIGURE> <div class=\"grid-gallery-clearfix\"><\/div> <\/div> <div class=\"gallery-sharing-bottom\" style=\"display:none;\"> <\/div> <div class=\"gallery-sharing-image\" style=\"display:none;\"> <\/div> <div class=\"gallery-sharing-popup\" style=\"display:none;\"> <\/div> <div class=\"grid-gallery-clearfix\"><\/div> <\/div> <!-- Gallery by Supsystic plugin1.16.0 --><a title=\"Wordpress Photo Gallery\" style=\"display:none;\" href=\"https:\/\/supsystic.com\/plugins\/photo-gallery\/?utm_medium=love_link\" target=\"_blank\">Wordpress Photo Gallery<\/a>\n\n\n\n<p><strong>Das Projekt wird vom Landesprogramm KOMM AN NRW des Ministeriums f\u00fcr Kinder, Jugend, Familie, Gleichstellung, Flucht und Integration des Landes Nordrhein-Westfalen finanziert.<\/strong><\/p>\n\n\n\n<div class=\"wp-block-group is-content-justification-center is-nowrap is-layout-flex wp-container-core-group-is-layout-23441af8 wp-block-group-is-layout-flex\">\n<figure class=\"wp-block-image size-full is-resized\"><img loading=\"lazy\" decoding=\"async\" width=\"1024\" height=\"183\" src=\"https:\/\/kuna-sdg.de\/wp-content\/uploads\/2023\/11\/Ministerium-1.jpg\" alt=\"\" class=\"wp-image-476\" style=\"aspect-ratio:5.595628415300546;width:323px;height:auto\" srcset=\"https:\/\/kuna-sdg.de\/wp-content\/uploads\/2023\/11\/Ministerium-1.jpg 1024w, https:\/\/kuna-sdg.de\/wp-content\/uploads\/2023\/11\/Ministerium-1-300x54.jpg 300w, https:\/\/kuna-sdg.de\/wp-content\/uploads\/2023\/11\/Ministerium-1-768x137.jpg 768w\" sizes=\"auto, (max-width: 1024px) 100vw, 1024px\" \/><\/figure>\n\n\n\n<figure class=\"wp-block-image size-full is-resized\"><img loading=\"lazy\" decoding=\"async\" width=\"1024\" height=\"986\" src=\"https:\/\/kuna-sdg.de\/wp-content\/uploads\/2023\/11\/KOMM-ANN-NRW.jpg\" alt=\"\" class=\"wp-image-477\" style=\"aspect-ratio:1.0385395537525355;width:63px;height:auto\" srcset=\"https:\/\/kuna-sdg.de\/wp-content\/uploads\/2023\/11\/KOMM-ANN-NRW.jpg 1024w, https:\/\/kuna-sdg.de\/wp-content\/uploads\/2023\/11\/KOMM-ANN-NRW-300x289.jpg 300w, https:\/\/kuna-sdg.de\/wp-content\/uploads\/2023\/11\/KOMM-ANN-NRW-768x740.jpg 768w\" sizes=\"auto, (max-width: 1024px) 100vw, 1024px\" \/><\/figure>\n<\/div>\n","protected":false},"excerpt":{"rendered":"<p>Beim&nbsp;ARTWOMCULTURE geht&nbsp;es darum, Frauen verschiedener Kulturen in kreativer Arbeit zusammenzubringen,&nbsp;ihnen Wege&nbsp;aufzuzeigen, wie sie&nbsp;Erfahrungen durch Kunst schaffen, verarbeiten und einfach das Gemeinschaftsgef\u00fchl st\u00e4rken k\u00f6nnen. Projektzeitraum:&nbsp; 2018-2024 Frauen verstehen sich oft als Verbindungsmitglied zwischen der Familie, dem Freundeskreis und dem gesellschaftlichen Leben, sie unterhalten Netzwerke und arbeiten nicht selten im Hintergrund. Das Ziel des Projektes ist es, [&hellip;]<\/p>\n","protected":false},"author":1,"featured_media":0,"parent":106,"menu_order":0,"comment_status":"closed","ping_status":"closed","template":"page-templates\/full-width.php","meta":{"footnotes":"","_links_to":"","_links_to_target":""},"class_list":["post-230","page","type-page","status-publish","hentry"],"blocksy_meta":[],"_links":{"self":[{"href":"https:\/\/kuna-sdg.de\/index.php?rest_route=\/wp\/v2\/pages\/230","targetHints":{"allow":["GET"]}}],"collection":[{"href":"https:\/\/kuna-sdg.de\/index.php?rest_route=\/wp\/v2\/pages"}],"about":[{"href":"https:\/\/kuna-sdg.de\/index.php?rest_route=\/wp\/v2\/types\/page"}],"author":[{"embeddable":true,"href":"https:\/\/kuna-sdg.de\/index.php?rest_route=\/wp\/v2\/users\/1"}],"replies":[{"embeddable":true,"href":"https:\/\/kuna-sdg.de\/index.php?rest_route=%2Fwp%2Fv2%2Fcomments&post=230"}],"version-history":[{"count":52,"href":"https:\/\/kuna-sdg.de\/index.php?rest_route=\/wp\/v2\/pages\/230\/revisions"}],"predecessor-version":[{"id":1256,"href":"https:\/\/kuna-sdg.de\/index.php?rest_route=\/wp\/v2\/pages\/230\/revisions\/1256"}],"up":[{"embeddable":true,"href":"https:\/\/kuna-sdg.de\/index.php?rest_route=\/wp\/v2\/pages\/106"}],"wp:attachment":[{"href":"https:\/\/kuna-sdg.de\/index.php?rest_route=%2Fwp%2Fv2%2Fmedia&parent=230"}],"curies":[{"name":"wp","href":"https:\/\/api.w.org\/{rel}","templated":true}]}}