{"id":2352,"date":"2026-03-01T14:39:33","date_gmt":"2026-03-01T14:39:33","guid":{"rendered":"https:\/\/kuna-sdg.de\/?page_id=2352"},"modified":"2026-04-17T13:20:20","modified_gmt":"2026-04-17T13:20:20","slug":"projektarbeit-von-der-konzeption-zur-umsetzung","status":"publish","type":"page","link":"https:\/\/kuna-sdg.de\/?page_id=2352","title":{"rendered":"Projektarbeit: von der Konzeption zur Umsetzung"},"content":{"rendered":"\n<p><\/p>\n\n\n\n<p>Projektarbeit wird als vollst\u00e4ndiger Zyklus verstanden: Bedarfsanalyse, Zieldefinition, Konzeption, Umsetzung, Dokumentation und Auswertung. Ein Schwerpunkt liegt auf der Entwicklung tragf\u00e4higer Formate, die nicht nur kurzfristige Aktivit\u00e4t erzeugen, sondern Transfer in Organisationen und Zielgruppen erm\u00f6glichen. KUNA e.V. arbeitet dabei mit klaren Rollenmodellen (z. B. Tr\u00e4gerschaft, Kooperationspartner, Umsetzungspartner) und achtet auf nachvollziehbare Zust\u00e4ndigkeiten. Inhaltlich ist Projektarbeit so angelegt, dass sie sowohl fachliche Themen nachhaltiger Entwicklung als auch die daf\u00fcr relevanten Kompetenzen adressiert. <\/p>\n\n\n\n<figure class=\"wp-block-image size-full is-resized\"><img loading=\"lazy\" decoding=\"async\" width=\"900\" height=\"600\" src=\"https:\/\/kuna-sdg.de\/wp-content\/uploads\/2026\/03\/Arbeitsfelder.png\" alt=\"\" class=\"wp-image-2349\" style=\"width:534px;height:auto\" srcset=\"https:\/\/kuna-sdg.de\/wp-content\/uploads\/2026\/03\/Arbeitsfelder.png 900w, https:\/\/kuna-sdg.de\/wp-content\/uploads\/2026\/03\/Arbeitsfelder-300x200.png 300w, https:\/\/kuna-sdg.de\/wp-content\/uploads\/2026\/03\/Arbeitsfelder-768x512.png 768w\" sizes=\"auto, (max-width: 900px) 100vw, 900px\" \/><\/figure>\n\n\n\n<p>Die Projekte k\u00f6nnen Bildungs-, Kultur- oder Dialogformate umfassen, aber auch strukturierende Elemente wie Vernetzung, Qualifizierung oder die Entwicklung von Materialien. Entscheidend ist, dass Projekte in einen gr\u00f6\u00dferen Zusammenhang eingebettet werden: Ergebnisse werden anschlussf\u00e4hig gemacht, Erfahrungen dokumentiert und Erkenntnisse f\u00fcr Folgeaktivit\u00e4ten nutzbar gemacht.<\/p>\n\n\n\n<p><\/p>\n","protected":false},"excerpt":{"rendered":"<p>Projektarbeit wird als vollst\u00e4ndiger Zyklus verstanden: Bedarfsanalyse, Zieldefinition, Konzeption, Umsetzung, Dokumentation und Auswertung. Ein Schwerpunkt liegt auf der Entwicklung tragf\u00e4higer Formate, die nicht nur kurzfristige Aktivit\u00e4t erzeugen, sondern Transfer in Organisationen und Zielgruppen erm\u00f6glichen. KUNA e.V. arbeitet dabei mit klaren Rollenmodellen (z. B. Tr\u00e4gerschaft, Kooperationspartner, Umsetzungspartner) und achtet auf nachvollziehbare Zust\u00e4ndigkeiten. Inhaltlich ist Projektarbeit so [&hellip;]<\/p>\n","protected":false},"author":1,"featured_media":0,"parent":0,"menu_order":0,"comment_status":"closed","ping_status":"closed","template":"","meta":{"footnotes":"","_links_to":"","_links_to_target":""},"class_list":["post-2352","page","type-page","status-publish","hentry"],"blocksy_meta":[],"_links":{"self":[{"href":"https:\/\/kuna-sdg.de\/index.php?rest_route=\/wp\/v2\/pages\/2352","targetHints":{"allow":["GET"]}}],"collection":[{"href":"https:\/\/kuna-sdg.de\/index.php?rest_route=\/wp\/v2\/pages"}],"about":[{"href":"https:\/\/kuna-sdg.de\/index.php?rest_route=\/wp\/v2\/types\/page"}],"author":[{"embeddable":true,"href":"https:\/\/kuna-sdg.de\/index.php?rest_route=\/wp\/v2\/users\/1"}],"replies":[{"embeddable":true,"href":"https:\/\/kuna-sdg.de\/index.php?rest_route=%2Fwp%2Fv2%2Fcomments&post=2352"}],"version-history":[{"count":4,"href":"https:\/\/kuna-sdg.de\/index.php?rest_route=\/wp\/v2\/pages\/2352\/revisions"}],"predecessor-version":[{"id":2668,"href":"https:\/\/kuna-sdg.de\/index.php?rest_route=\/wp\/v2\/pages\/2352\/revisions\/2668"}],"wp:attachment":[{"href":"https:\/\/kuna-sdg.de\/index.php?rest_route=%2Fwp%2Fv2%2Fmedia&parent=2352"}],"curies":[{"name":"wp","href":"https:\/\/api.w.org\/{rel}","templated":true}]}}