{"id":2369,"date":"2026-03-01T14:56:13","date_gmt":"2026-03-01T14:56:13","guid":{"rendered":"https:\/\/kuna-sdg.de\/?page_id=2369"},"modified":"2026-04-13T14:24:27","modified_gmt":"2026-04-13T14:24:27","slug":"internationale-zusammenarbeit","status":"publish","type":"page","link":"https:\/\/kuna-sdg.de\/?page_id=2369","title":{"rendered":"Internationale Zusammenarbeit"},"content":{"rendered":"\n<figure class=\"wp-block-gallery has-nested-images columns-default is-cropped wp-block-gallery-1 is-layout-flex wp-block-gallery-is-layout-flex\"><\/figure>\n\n\n\n<p>Internationale Zusammenarbeit wird bei KUNA e.V. als fachliche Notwendigkeit und als Qualit\u00e4tsmerkmal verstanden. Nachhaltige Entwicklung ist global verflochten; viele Herausforderungen von Ressourcenfragen bis zu sozialen Ungleichheiten lassen sich nur in ihrer internationalen Dimension angemessen begreifen. Gleichzeitig ben\u00f6tigt internationale Zusammenarbeit eine klare methodische und ethische Grundlage, um nicht asymmetrische oder vereinfachende Perspektiven zu reproduzieren.<br>KUNA e.V. konzipiert internationale Kooperationen als wechselseitige Lern- und Entwicklungsprozesse. Partnerschaftlichkeit bedeutet dabei mehr als formale Zusammenarbeit: Ziele, Rollen und Verantwortungen werden transparent gekl\u00e4rt; lokale Kontexte werden ernst genommen; Wissensbest\u00e4nde werden gegenseitig anerkannt. Der Verein achtet darauf, dass Kooperation nicht auf kurzfristige Projektlogik reduziert wird, sondern langfristige Beziehungen, Vertrauen und gemeinsame Lernr\u00e4ume erm\u00f6glicht.<br>In internationalen Formaten spielt interkulturelle Kompetenz eine zentrale Rolle. KUNA e.V. versteht interkulturelle Arbeit nicht als \u201ekulturelle \u00dcbersetzung\u201c im oberfl\u00e4chlichen Sinn, sondern als F\u00e4higkeit, Differenzen produktiv zu bearbeiten: unterschiedliche Institutionenkulturen, Kommunikationsstile, Erwartungshaltungen und Ressourcenlagen. Daf\u00fcr braucht es geeignete Moderation, realistische Zeitplanung, klare Prozesse und eine gemeinsame inhaltliche Orientierung. Internationale Zusammenarbeit ist zudem eng mit Bildungs- und Transferzielen verbunden. Formate werden so angelegt, dass Ergebnisse dokumentiert werden, Lernprozesse sichtbar werden und Kooperationen langfristige Wirkung entfalten k\u00f6nnen. Damit wird internationale Zusammenarbeit f\u00fcr \u00f6ffentliche Partner nachvollziehbar und pr\u00fcfbar, in Zielen, Prozessen und Ergebnissen.<\/p>\n","protected":false},"excerpt":{"rendered":"<p>Internationale Zusammenarbeit wird bei KUNA e.V. als fachliche Notwendigkeit und als Qualit\u00e4tsmerkmal verstanden. Nachhaltige Entwicklung ist global verflochten; viele Herausforderungen von Ressourcenfragen bis zu sozialen Ungleichheiten lassen sich nur in ihrer internationalen Dimension angemessen begreifen. Gleichzeitig ben\u00f6tigt internationale Zusammenarbeit eine klare methodische und ethische Grundlage, um nicht asymmetrische oder vereinfachende Perspektiven zu reproduzieren.KUNA e.V. konzipiert [&hellip;]<\/p>\n","protected":false},"author":1,"featured_media":0,"parent":0,"menu_order":0,"comment_status":"closed","ping_status":"closed","template":"","meta":{"footnotes":"","_links_to":"","_links_to_target":""},"class_list":["post-2369","page","type-page","status-publish","hentry"],"blocksy_meta":[],"_links":{"self":[{"href":"https:\/\/kuna-sdg.de\/index.php?rest_route=\/wp\/v2\/pages\/2369","targetHints":{"allow":["GET"]}}],"collection":[{"href":"https:\/\/kuna-sdg.de\/index.php?rest_route=\/wp\/v2\/pages"}],"about":[{"href":"https:\/\/kuna-sdg.de\/index.php?rest_route=\/wp\/v2\/types\/page"}],"author":[{"embeddable":true,"href":"https:\/\/kuna-sdg.de\/index.php?rest_route=\/wp\/v2\/users\/1"}],"replies":[{"embeddable":true,"href":"https:\/\/kuna-sdg.de\/index.php?rest_route=%2Fwp%2Fv2%2Fcomments&post=2369"}],"version-history":[{"count":2,"href":"https:\/\/kuna-sdg.de\/index.php?rest_route=\/wp\/v2\/pages\/2369\/revisions"}],"predecessor-version":[{"id":2541,"href":"https:\/\/kuna-sdg.de\/index.php?rest_route=\/wp\/v2\/pages\/2369\/revisions\/2541"}],"wp:attachment":[{"href":"https:\/\/kuna-sdg.de\/index.php?rest_route=%2Fwp%2Fv2%2Fmedia&parent=2369"}],"curies":[{"name":"wp","href":"https:\/\/api.w.org\/{rel}","templated":true}]}}