{"id":2912,"date":"2026-04-22T08:41:17","date_gmt":"2026-04-22T08:41:17","guid":{"rendered":"https:\/\/kuna-sdg.de\/?page_id=2912"},"modified":"2026-04-22T08:46:23","modified_gmt":"2026-04-22T08:46:23","slug":"ueber-uns","status":"publish","type":"page","link":"https:\/\/kuna-sdg.de\/?page_id=2912","title":{"rendered":"\u00dcber uns"},"content":{"rendered":"\n<p><\/p>\n\n\n\n<p>Interkulturelle Projektarbeit im Bereich Nachhaltigkeit ist entscheidend f\u00fcr die L\u00f6sung globaler Umweltprobleme wie des Klimawandels. Die Zusammenarbeit zwischen Menschen aus verschiedenen Kulturen bringt neue Perspektiven und innovative L\u00f6sungen hervor, die \u00f6kologisch und sozial verantwortlich sind. Ein tiefes Verst\u00e4ndnis und die Wertsch\u00e4tzung kultureller Vielfalt sind uns wichtig. Durch die Ber\u00fccksichtigung von lokalem Wissen und kulturellen Besonderheiten sind unser Verein und unsere Partner aus der ganzen Welt in der Lage, an einer Vielzahl von Projekten zusammenzuarbeiten. Diese Arbeit st\u00e4rkt nicht nur das Erreichen der SDG-Ziele, sondern f\u00f6rdert auch das interkulturelle Verst\u00e4ndnis und die globale Zusammenarbeit.<\/p>\n\n\n\n<p>Unser Verein hat es sich zum Ziel gesetzt, Organisationen weltweit zu vernetzen. Im Rahmen der Zusammenarbeit zwischen zivilgesellschaftlichen Akteuren wollen wir gemeinsame L\u00f6sungen f\u00fcr soziale und \u00f6kologische Probleme entwickeln. Unsere Instrumente hierf\u00fcr sind lokale Kooperationsprojekte, Dialoge und Foren sowie Netzwerktreffen. Ein weiterer besonders wichtiger Teil unserer Arbeit ist die Erwachsenenbildung, die wir in Form von Workshops, Exkursionen und Vortr\u00e4gen anbieten.<\/p>\n\n\n\n<h2 class=\"wp-block-heading\"><strong>Unsere Geschichte<\/strong><\/h2>\n\n\n\n<p>Die Idee, einen Verein f\u00fcr Kultur und Nachhaltigkeit zu gr\u00fcnden, entstand aus dem starken Wunsch, soziale und kulturelle Vielfalt als zentrale Bestandteile einer nachhaltigen Zukunft zu integrieren. Im Jahr 2018 startete Natalia Neumann, die \u00fcber einen Master-Abschluss in Kulturmanagement verf\u00fcgt, eine Initiative in Siegen, S\u00fcdwestfalen, um das interkulturelle Verst\u00e4ndnis und den Austausch \u00fcber nachhaltige Entwicklung in verschiedenen Kulturen zu f\u00f6rdern. Die Initiative f\u00f6rderte nachhaltige Praktiken in unterschiedlichen Kulturen und Wertesystemen. Durch die Teilnahme an Veranstaltungen, Vortr\u00e4gen und Diskussionsrunden sowie insbesondere durch das Projekt Artwomculture wurde die Arbeit der Initiative vielf\u00e4ltiger und internationaler. Inspiriert von der \u00dcberzeugung, dass ein breites Spektrum an kulturellen Perspektiven notwendig ist, um wirksame nachhaltige L\u00f6sungen zu entwickeln, kamen engagierte Menschen mit unterschiedlichen Hintergr\u00fcnden und aus verschiedenen Gemeinschaften zusammen. Daraus entstand der Wunsch, einen gemeinn\u00fctzigen Verein zu gr\u00fcnden, der eigene Projekte ins Leben rufen und sich mit anderen Vereinen vernetzen w\u00fcrde.<\/p>\n\n\n\n<p>Der Verein strebt danach, durch kreative kulturelle Ans\u00e4tze eine Plattform zu schaffen, auf der Menschen mit unterschiedlichen Hintergr\u00fcnden zusammenarbeiten k\u00f6nnen, um nachhaltige Praktiken zu f\u00f6rdern und so einen positiven Einfluss auf Gesellschaft und Umwelt auszu\u00fcben. Der Verein hat seinen Sitz in Siegen und verbindet unsere Region durch zahlreiche internationale Aktivit\u00e4ten mit vielen Regionen auf der ganzen Welt. Unsere Projekte werden zudem in Zusammenarbeit mit anderen Vereinen und Organisationen in der Region Siegerland durchgef\u00fchrt.<\/p>\n\n\n\n<h2 class=\"wp-block-heading\"><strong>Unsere <strong>Expert<em>innen<\/em><\/strong><\/strong><\/h2>\n\n\n\n<div class=\"tmm tmm_main\"><div class=\"tmm_5_columns tmm_wrap tmm_plugin_f\"><span class=\"tmm_two_containers_tablet\"><\/span><div class=\"tmm_container\"><div class=\"tmm_member\" style=\"border-top:#333333 solid 5px;\"><div class=\"tmm_photo tmm_pic_main_0\" style=\"background: url(https:\/\/kuna-sdg.de\/wp-content\/uploads\/2026\/02\/F2CF05D3-D883-4CBF-921E-4D7F6904A35E.jpeg); margin-left: auto; margin-right:auto; background-size:cover !important;\"><\/div><div class=\"tmm_textblock\"><div class=\"tmm_names\"><span class=\"tmm_fname\">Natalia<\/span> <span class=\"tmm_lname\">Neumann<\/span><\/div><div class=\"tmm_job\">Vorsitzende \/ Kulturmanagerin M.A.<\/div><div class=\"tmm_desc\" style=\"text-align:\"><p>Arbeitsbereiche: nachhaltige Kulturentwicklung, gesellschaftliche Diversit\u00e4t und kulturelle Teilhabe<\/p><\/div><div class=\"tmm_scblock\"><a class=\"tmm_sociallink\" href=\"mailto:&#110;&#097;&#116;a&#108;i&#097;&#064;neum&#097;&#110;n&#045;&#115;i&#101;g&#101;n&#046;&#100;e\" title=\"\"><img decoding=\"async\" alt=\"\" src=\"https:\/\/kuna-sdg.de\/wp-content\/plugins\/team-members\/inc\/img\/links\/email.png\"\/><\/a><a class=\"tmm_sociallink\" href=\"tel:+491717937711\" title=\"\"><img decoding=\"async\" alt=\"\" src=\"https:\/\/kuna-sdg.de\/wp-content\/plugins\/team-members\/inc\/img\/links\/phone.png\"\/><\/a><a target=\"_blank\" class=\"tmm_sociallink\" href=\"https:\/\/www.facebook.com\/KUNASiegen\" title=\"\"><img decoding=\"async\" alt=\"\" src=\"https:\/\/kuna-sdg.de\/wp-content\/plugins\/team-members\/inc\/img\/links\/facebook.png\"\/><\/a><\/div><\/div><\/div><div class=\"tmm_member\" style=\"border-top:#333333 solid 5px;\"><div class=\"tmm_photo tmm_pic_main_1\" style=\"background: url(http:\/\/kuna-sdg.de\/wp-content\/uploads\/2023\/11\/Alena-Dubino.jpg); margin-left: auto; margin-right:auto; background-size:cover !important;\"><\/div><div class=\"tmm_textblock\"><div class=\"tmm_names\"><span class=\"tmm_fname\">Alena<\/span> <span class=\"tmm_lname\">Dubino<\/span><\/div><div class=\"tmm_job\">Stellvertretende Vorsitzende \/ Freiberufliche K\u00fcnstlerin<\/div><div class=\"tmm_desc\" style=\"text-align:\"><p>Arbeitsbereiche: Beratung und Leitung von Workshops, Zusammenarbeit mit Kultureinrichtungen<\/p><\/div><div class=\"tmm_scblock\"><a class=\"tmm_sociallink\" href=\"\" title=\"\"><img decoding=\"async\" alt=\"\" src=\"https:\/\/kuna-sdg.de\/wp-content\/plugins\/team-members\/inc\/img\/links\/phone.png\"\/><\/a><a class=\"tmm_sociallink\" href=\"\" title=\"\"><img decoding=\"async\" alt=\"\" src=\"https:\/\/kuna-sdg.de\/wp-content\/plugins\/team-members\/inc\/img\/links\/email.png\"\/><\/a><\/div><\/div><\/div><span class=\"tmm_two_containers_tablet\"><\/span><div class=\"tmm_member\" style=\"border-top:#333333 solid 5px;\"><div class=\"tmm_photo tmm_pic_main_2\" style=\"background: url(https:\/\/kuna-sdg.de\/wp-content\/uploads\/2026\/02\/14AF4FF9-8EBF-4383-94B2-CD43B7811579.jpeg); margin-left: auto; margin-right:auto; background-size:cover !important;\"><\/div><div class=\"tmm_textblock\"><div class=\"tmm_names\"><span class=\"tmm_fname\">Dr. Aleg<\/span> <span class=\"tmm_lname\">Sivagrakau<\/span><\/div><div class=\"tmm_job\">Expert, Koordinator, Berater<\/div><div class=\"tmm_desc\" style=\"text-align:\"><p>Koordinator und Berater von weltweiten Programmen von EU, World Bank, Friedrich-Ebert-Stiftung. Mitautor von 250 Artikeln und 35 B\u00fcchern und Brosch\u00fcren zur nachhaltigen Entwicklung der Gesellschaft. Arbeitsbereiche: Nachhaltige Entwicklung von l\u00e4ndlichen Regionen, Social Entrepreneurship, Private Public Partnership<\/p><\/div><div class=\"tmm_scblock\"><a class=\"tmm_sociallink\" href=\"mailto:&#115;&#105;vagr&#097;&#107;&#064;&#121;a&#104;&#111;o&#046;&#099;o&#109;\" title=\"\"><img decoding=\"async\" alt=\"\" src=\"https:\/\/kuna-sdg.de\/wp-content\/plugins\/team-members\/inc\/img\/links\/email.png\"\/><\/a><a class=\"tmm_sociallink\" href=\"\" title=\"\"><img decoding=\"async\" alt=\"\" src=\"https:\/\/kuna-sdg.de\/wp-content\/plugins\/team-members\/inc\/img\/links\/phone.png\"\/><\/a><a target=\"_blank\" class=\"tmm_sociallink\" href=\"\" title=\"\"><img decoding=\"async\" alt=\"\" src=\"https:\/\/kuna-sdg.de\/wp-content\/plugins\/team-members\/inc\/img\/links\/linkedin.png\"\/><\/a><\/div><\/div><\/div><div class=\"tmm_member\" style=\"border-top:#333333 solid 5px;\"><div class=\"tmm_photo tmm_pic_main_3\" style=\"background: url(https:\/\/kuna-sdg.de\/wp-content\/uploads\/2026\/02\/A3DFDCE1-98FF-4A44-9E8D-A535D1076941.jpeg); margin-left: auto; margin-right:auto; background-size:cover !important;\"><\/div><div class=\"tmm_textblock\"><div class=\"tmm_names\"><span class=\"tmm_fname\">Ihar<\/span> <span class=\"tmm_lname\">Kudzin<\/span><\/div><div class=\"tmm_job\">Digitalexperte, Projektmanager<\/div><div class=\"tmm_desc\" style=\"text-align:\"><p>Zertifizierter Ingenieur und Projektmanager, Expert und Berater f\u00fcr Fragen der Unternehmensnachhaltigkeit Arbeitsgebiete: Projektmanagement, nachhaltige Digitalisierung, Kommunikation und Marketing<\/p><\/div><div class=\"tmm_scblock\"><a class=\"tmm_sociallink\" href=\"mailto:&#105;.ku&#100;in&#064;&#103;&#109;&#097;i&#108;.&#099;&#111;&#109;\" title=\"\"><img decoding=\"async\" alt=\"\" src=\"https:\/\/kuna-sdg.de\/wp-content\/plugins\/team-members\/inc\/img\/links\/email.png\"\/><\/a><a class=\"tmm_sociallink\" href=\"tel:+4915163468572\" title=\"\"><img decoding=\"async\" alt=\"\" src=\"https:\/\/kuna-sdg.de\/wp-content\/plugins\/team-members\/inc\/img\/links\/phone.png\"\/><\/a><a target=\"_blank\" class=\"tmm_sociallink\" href=\"https:\/\/www.linkedin.com\/in\/igor-kudin-57a449242\" title=\"\"><img decoding=\"async\" alt=\"\" src=\"https:\/\/kuna-sdg.de\/wp-content\/plugins\/team-members\/inc\/img\/links\/linkedin.png\"\/><\/a><\/div><\/div><\/div><span class=\"tmm_two_containers_tablet\"><\/span><div class=\"tmm_member\" style=\"border-top:#333333 solid 5px;\"><div class=\"tmm_photo tmm_pic_main_4\" style=\"background: url(https:\/\/kuna-sdg.de\/wp-content\/uploads\/2026\/02\/16E46E04-20E6-4765-8283-4C4B85284B53.jpeg); margin-left: auto; margin-right:auto; background-size:cover !important;\"><\/div><div class=\"tmm_textblock\"><div class=\"tmm_names\"><span class=\"tmm_fname\">Prof. Dr. Pozniak<\/span> <span class=\"tmm_lname\">Alexandra<\/span><\/div><div class=\"tmm_desc\" style=\"text-align:\"><p>Expertin f\u00fcr p\u00e4dagogische Forschung, Umsetzung von Bildungsprojekten sowie f\u00fcr den Einsatz innovativer Formen und Methoden des Lernens und Lehrens Arbeitsbereiche: Erwachsenenbildung, Bildung f\u00fcr nachhaltige Entwicklung, internationale Bildungskooperation, Didaktik, p\u00e4dagogische Forschung, Migrationsp\u00e4dagogik<\/p><\/div><div class=\"tmm_scblock\"><a class=\"tmm_sociallink\" href=\"mailto:&#097;lexa&#110;&#100;&#114;&#114;a&#046;p&#111;&#122;&#110;&#064;g&#109;&#097;il&#046;&#099;&#111;m\" title=\"\"><img decoding=\"async\" alt=\"\" src=\"https:\/\/kuna-sdg.de\/wp-content\/plugins\/team-members\/inc\/img\/links\/email.png\"\/><\/a><a class=\"tmm_sociallink\" href=\"tel:+491603286124\" title=\"\"><img decoding=\"async\" alt=\"\" src=\"https:\/\/kuna-sdg.de\/wp-content\/plugins\/team-members\/inc\/img\/links\/phone.png\"\/><\/a><\/div><\/div><\/div><div style=\"clear:both;\"><\/div><\/div><\/div><\/div>\n","protected":false},"excerpt":{"rendered":"<p>Interkulturelle Projektarbeit im Bereich Nachhaltigkeit ist entscheidend f\u00fcr die L\u00f6sung globaler Umweltprobleme wie des Klimawandels. Die Zusammenarbeit zwischen Menschen aus verschiedenen Kulturen bringt neue Perspektiven und innovative L\u00f6sungen hervor, die \u00f6kologisch und sozial verantwortlich sind. Ein tiefes Verst\u00e4ndnis und die Wertsch\u00e4tzung kultureller Vielfalt sind uns wichtig. Durch die Ber\u00fccksichtigung von lokalem Wissen und kulturellen Besonderheiten [&hellip;]<\/p>\n","protected":false},"author":1,"featured_media":0,"parent":0,"menu_order":0,"comment_status":"closed","ping_status":"closed","template":"","meta":{"footnotes":"","_links_to":"","_links_to_target":""},"class_list":["post-2912","page","type-page","status-publish","hentry"],"blocksy_meta":[],"_links":{"self":[{"href":"https:\/\/kuna-sdg.de\/index.php?rest_route=\/wp\/v2\/pages\/2912","targetHints":{"allow":["GET"]}}],"collection":[{"href":"https:\/\/kuna-sdg.de\/index.php?rest_route=\/wp\/v2\/pages"}],"about":[{"href":"https:\/\/kuna-sdg.de\/index.php?rest_route=\/wp\/v2\/types\/page"}],"author":[{"embeddable":true,"href":"https:\/\/kuna-sdg.de\/index.php?rest_route=\/wp\/v2\/users\/1"}],"replies":[{"embeddable":true,"href":"https:\/\/kuna-sdg.de\/index.php?rest_route=%2Fwp%2Fv2%2Fcomments&post=2912"}],"version-history":[{"count":4,"href":"https:\/\/kuna-sdg.de\/index.php?rest_route=\/wp\/v2\/pages\/2912\/revisions"}],"predecessor-version":[{"id":2918,"href":"https:\/\/kuna-sdg.de\/index.php?rest_route=\/wp\/v2\/pages\/2912\/revisions\/2918"}],"wp:attachment":[{"href":"https:\/\/kuna-sdg.de\/index.php?rest_route=%2Fwp%2Fv2%2Fmedia&parent=2912"}],"curies":[{"name":"wp","href":"https:\/\/api.w.org\/{rel}","templated":true}]}}